{"id":15403,"date":"2025-01-05T12:42:09","date_gmt":"2025-01-05T12:42:09","guid":{"rendered":"https:\/\/globalkenko.es\/?post_type=product&#038;p=15403"},"modified":"2025-01-05T12:42:42","modified_gmt":"2025-01-05T12:42:42","slug":"apple-ipad-mini-gris-espacial","status":"publish","type":"product","link":"https:\/\/globalkenko.es\/en\/apple-ipad-mini-gris-espacial\/","title":{"rendered":"Apple iPad Mini - Space Grey"},"content":{"rendered":"<p style=\"text-align: center;\"><strong>Apple iPad Mini 2024 8.3&#8243;- Gris Espacial<\/strong><\/p>","protected":false},"excerpt":{"rendered":"<p><strong><span style=\"color: #ff0000;\">Producto bajo Pedido.<\/span><\/strong><\/p>\n<p>El iPad mini combina potencia y portabilidad sin igual con el rapid\u00edsimo chip A17 Pro, una pantalla Liquid Retina de 8,3 pulgadas, Wi-Fi 6E ultrarr\u00e1pida y conectividad 5G. Adem\u00e1s, la compatibilidad con Apple Pencil Pro te permite estudiar, trabajar, jugar o crear donde quieras.<\/p>","protected":false},"featured_media":15435,"comment_status":"open","ping_status":"closed","template":"","meta":{"_joinchat":[]},"product_brand":[],"product_cat":[123,188,440],"product_tag":[219,189],"class_list":{"0":"post-15403","1":"product","2":"type-product","3":"status-publish","4":"has-post-thumbnail","6":"product_cat-apple","7":"product_cat-ipad","8":"product_cat-productos-exclusivos","9":"product_tag-solo-web","10":"product_tag-tablets","12":"first","13":"instock","14":"shipping-taxable","15":"purchasable","16":"product-type-variable"},"supplier_id":null,"supplier_sku":"","barcode":null,"atum_controlled":true,"out_stock_date":null,"out_stock_threshold":null,"inheritable":false,"inbound_stock":null,"stock_on_hold":0,"sold_today":0,"sales_last_days":0,"reserved_stock":null,"customer_returns":null,"warehouse_damage":null,"lost_in_post":null,"other_logs":null,"out_stock_days":0,"lost_sales":0,"has_location":null,"update_date":"2026-04-03T17:38:45","atum_locations":[],"atum_stock_status":"instock","restock_status":false,"low_stock_amount":"","sales_update_date":"2026-04-03T17:38:45","calc_backorders":null,"_links":{"self":[{"href":"https:\/\/globalkenko.es\/en\/wp-json\/wp\/v2\/product\/15403","targetHints":{"allow":["GET"]}}],"collection":[{"href":"https:\/\/globalkenko.es\/en\/wp-json\/wp\/v2\/product"}],"about":[{"href":"https:\/\/globalkenko.es\/en\/wp-json\/wp\/v2\/types\/product"}],"replies":[{"embeddable":true,"href":"https:\/\/globalkenko.es\/en\/wp-json\/wp\/v2\/comments?post=15403"}],"version-history":[{"count":1,"href":"https:\/\/globalkenko.es\/en\/wp-json\/wp\/v2\/product\/15403\/revisions"}],"predecessor-version":[{"id":15436,"href":"https:\/\/globalkenko.es\/en\/wp-json\/wp\/v2\/product\/15403\/revisions\/15436"}],"wp:featuredmedia":[{"embeddable":true,"href":"https:\/\/globalkenko.es\/en\/wp-json\/wp\/v2\/media\/15435"}],"wp:attachment":[{"href":"https:\/\/globalkenko.es\/en\/wp-json\/wp\/v2\/media?parent=15403"}],"wp:term":[{"taxonomy":"product_brand","embeddable":true,"href":"https:\/\/globalkenko.es\/en\/wp-json\/wp\/v2\/product_brand?post=15403"},{"taxonomy":"product_cat","embeddable":true,"href":"https:\/\/globalkenko.es\/en\/wp-json\/wp\/v2\/product_cat?post=15403"},{"taxonomy":"product_tag","embeddable":true,"href":"https:\/\/globalkenko.es\/en\/wp-json\/wp\/v2\/product_tag?post=15403"}],"curies":[{"name":"wp","href":"https:\/\/api.w.org\/{rel}","templated":true}]}}