{"id":15645,"date":"2025-01-05T12:44:33","date_gmt":"2025-01-05T12:44:33","guid":{"rendered":"https:\/\/globalkenko.es\/?post_type=product&#038;p=15645"},"modified":"2025-01-05T12:45:29","modified_gmt":"2025-01-05T12:45:29","slug":"samsung-cable-usb-c-blanco-1m","status":"publish","type":"product","link":"https:\/\/globalkenko.es\/en\/samsung-cable-usb-c-blanco-1m\/","title":{"rendered":"Samsung USB-C Cable - White 1m"},"content":{"rendered":"<p style=\"text-align: center;\"><strong>Samsung USB-C Cable - White 1m<\/strong><\/p>\n<p><!--more--><\/p>\n<p>El cable USB-C que te permite cargar dispositivos y sincronizar datos con tu smartphone o port\u00e1til de manera r\u00e1pida y sencilla. Por su potencia de salida de 5 A, te proporcionar\u00e1 una carga r\u00e1pida y eficiente. El conector reversible te permite conectar el cable en cualquier direcci\u00f3n.<\/p>","protected":false},"excerpt":{"rendered":"<p>Exclusivo cable USB-C a USB-C de 1 m<br \/>\nCable de 5A \/ 20V de energ\u00eda de salida para una carga r\u00e1pida y una transmisi\u00f3n de datos de alta velocidad<br \/>\nConectores Tipo-C reversibles y resistentes que proporcionan una conexi\u00f3n segura y estable<br \/>\nEste Samsung USB-C cable est\u00e1 hecho de materiales de calidad que garantizan la durabilidad.<\/p>","protected":false},"featured_media":15714,"comment_status":"open","ping_status":"closed","template":"","meta":{"_joinchat":[]},"product_brand":[],"product_cat":[258,152],"product_tag":[128],"class_list":{"0":"post-15645","1":"product","2":"type-product","3":"status-publish","4":"has-post-thumbnail","6":"product_cat-accesorios-samsung","7":"product_cat-samsung","8":"product_tag-accesorios","10":"first","11":"instock","12":"shipping-taxable","13":"purchasable","14":"product-type-simple"},"supplier_id":null,"supplier_sku":"","barcode":null,"atum_controlled":true,"out_stock_date":null,"out_stock_threshold":null,"inheritable":false,"inbound_stock":null,"stock_on_hold":0,"sold_today":0,"sales_last_days":0,"reserved_stock":null,"customer_returns":null,"warehouse_damage":null,"lost_in_post":null,"other_logs":null,"out_stock_days":0,"lost_sales":0,"has_location":null,"update_date":"2026-04-03T17:38:37","atum_locations":[],"atum_stock_status":"instock","restock_status":false,"low_stock_amount":"","sales_update_date":"2026-04-03T17:38:37","calc_backorders":null,"_links":{"self":[{"href":"https:\/\/globalkenko.es\/en\/wp-json\/wp\/v2\/product\/15645","targetHints":{"allow":["GET"]}}],"collection":[{"href":"https:\/\/globalkenko.es\/en\/wp-json\/wp\/v2\/product"}],"about":[{"href":"https:\/\/globalkenko.es\/en\/wp-json\/wp\/v2\/types\/product"}],"replies":[{"embeddable":true,"href":"https:\/\/globalkenko.es\/en\/wp-json\/wp\/v2\/comments?post=15645"}],"version-history":[{"count":1,"href":"https:\/\/globalkenko.es\/en\/wp-json\/wp\/v2\/product\/15645\/revisions"}],"predecessor-version":[{"id":15715,"href":"https:\/\/globalkenko.es\/en\/wp-json\/wp\/v2\/product\/15645\/revisions\/15715"}],"wp:featuredmedia":[{"embeddable":true,"href":"https:\/\/globalkenko.es\/en\/wp-json\/wp\/v2\/media\/15714"}],"wp:attachment":[{"href":"https:\/\/globalkenko.es\/en\/wp-json\/wp\/v2\/media?parent=15645"}],"wp:term":[{"taxonomy":"product_brand","embeddable":true,"href":"https:\/\/globalkenko.es\/en\/wp-json\/wp\/v2\/product_brand?post=15645"},{"taxonomy":"product_cat","embeddable":true,"href":"https:\/\/globalkenko.es\/en\/wp-json\/wp\/v2\/product_cat?post=15645"},{"taxonomy":"product_tag","embeddable":true,"href":"https:\/\/globalkenko.es\/en\/wp-json\/wp\/v2\/product_tag?post=15645"}],"curies":[{"name":"wp","href":"https:\/\/api.w.org\/{rel}","templated":true}]}}