{"id":15686,"date":"2025-01-05T12:44:57","date_gmt":"2025-01-05T12:44:57","guid":{"rendered":"https:\/\/globalkenko.es\/?post_type=product&#038;p=15686"},"modified":"2025-01-05T12:46:29","modified_gmt":"2025-01-05T12:46:29","slug":"samsung-adaptador-25w-usb-c-blanco","status":"publish","type":"product","link":"https:\/\/globalkenko.es\/en\/samsung-adaptador-25w-usb-c-blanco\/","title":{"rendered":"Samsung Adaptador 25W USB-C Blanco"},"content":{"rendered":"<p>Samsung Adaptador 25W USB-C Blanco<\/p>","protected":false},"excerpt":{"rendered":"<p>Experimenta un cargador con funci\u00f3n de carga s\u00faper r\u00e1pida USB-C PD 3.0 PPS y recargue r\u00e1pidamente sus terminales con una potencia de hasta 25 vatios. Es compatible con cables USB Type-C (cable no incluido en la caja).<\/p>","protected":false},"featured_media":15776,"comment_status":"open","ping_status":"closed","template":"","meta":{"_joinchat":[]},"product_brand":[],"product_cat":[258,152],"product_tag":[128],"class_list":{"0":"post-15686","1":"product","2":"type-product","3":"status-publish","4":"has-post-thumbnail","6":"product_cat-accesorios-samsung","7":"product_cat-samsung","8":"product_tag-accesorios","10":"first","11":"instock","12":"shipping-taxable","13":"purchasable","14":"product-type-simple"},"supplier_id":null,"supplier_sku":"","barcode":null,"atum_controlled":true,"out_stock_date":null,"out_stock_threshold":null,"inheritable":false,"inbound_stock":null,"stock_on_hold":0,"sold_today":0,"sales_last_days":0,"reserved_stock":null,"customer_returns":null,"warehouse_damage":null,"lost_in_post":null,"other_logs":null,"out_stock_days":0,"lost_sales":0,"has_location":null,"update_date":"2026-04-03T17:38:36","atum_locations":[],"atum_stock_status":"instock","restock_status":false,"low_stock_amount":"","sales_update_date":"2026-04-03T17:38:36","calc_backorders":null,"_links":{"self":[{"href":"https:\/\/globalkenko.es\/en\/wp-json\/wp\/v2\/product\/15686","targetHints":{"allow":["GET"]}}],"collection":[{"href":"https:\/\/globalkenko.es\/en\/wp-json\/wp\/v2\/product"}],"about":[{"href":"https:\/\/globalkenko.es\/en\/wp-json\/wp\/v2\/types\/product"}],"replies":[{"embeddable":true,"href":"https:\/\/globalkenko.es\/en\/wp-json\/wp\/v2\/comments?post=15686"}],"version-history":[{"count":1,"href":"https:\/\/globalkenko.es\/en\/wp-json\/wp\/v2\/product\/15686\/revisions"}],"predecessor-version":[{"id":15777,"href":"https:\/\/globalkenko.es\/en\/wp-json\/wp\/v2\/product\/15686\/revisions\/15777"}],"wp:featuredmedia":[{"embeddable":true,"href":"https:\/\/globalkenko.es\/en\/wp-json\/wp\/v2\/media\/15776"}],"wp:attachment":[{"href":"https:\/\/globalkenko.es\/en\/wp-json\/wp\/v2\/media?parent=15686"}],"wp:term":[{"taxonomy":"product_brand","embeddable":true,"href":"https:\/\/globalkenko.es\/en\/wp-json\/wp\/v2\/product_brand?post=15686"},{"taxonomy":"product_cat","embeddable":true,"href":"https:\/\/globalkenko.es\/en\/wp-json\/wp\/v2\/product_cat?post=15686"},{"taxonomy":"product_tag","embeddable":true,"href":"https:\/\/globalkenko.es\/en\/wp-json\/wp\/v2\/product_tag?post=15686"}],"curies":[{"name":"wp","href":"https:\/\/api.w.org\/{rel}","templated":true}]}}