{"id":15952,"date":"2025-01-05T12:56:47","date_gmt":"2025-01-05T12:56:47","guid":{"rendered":"https:\/\/globalkenko.es\/?post_type=product&#038;p=15952"},"modified":"2025-01-05T12:57:42","modified_gmt":"2025-01-05T12:57:42","slug":"xiaomi-pizarra-lcd-13-5-color-edicion","status":"publish","type":"product","link":"https:\/\/globalkenko.es\/en\/xiaomi-pizarra-lcd-13-5-color-edicion\/","title":{"rendered":"Xiaomi Pizarra LCD 13.5 Color Edicion"},"content":{"rendered":"<p style=\"text-align: center;\">Xiaomi Pizarra LCD 13.5 Color Edicion.<\/p>\n<ul>\n<li>Pel\u00edcula de cristal l\u00edquido a color hecha a medida con pantalla de partici\u00f3n de color para ofrecer una gama completa de colores.<\/li>\n<li>Aplica presi\u00f3n y haz trazos m\u00e1s anchos para disfrutar de una forma natural de creaci\u00f3n.T<\/li>\n<li>oca suavemente el \u00e1rea del sensor Hall sobre la tableta de escritura con la parte superior del l\u00e1piz para borrar la pantalla r\u00e1pidamente y empezar de nuevo.<\/li>\n<li>El dise\u00f1o para almacenar el l\u00e1piz es sencillo y efectivo, y asegura de forma magn\u00e9tica el l\u00e1piz para que no lo pierdas.<\/li>\n<li>Bisel delgado, gran relaci\u00f3n pantalla\/cuerpo, un lienzo m\u00e1s grande para escribir y dibujar. Disfruta dibujando con este bloc de dibujo ligero y port\u00e1til all\u00e1 donde vayas.<\/li>\n<li>Pantalla sin retroiluminaci\u00f3n para escribir a mano con un reflejo de luz natural, sin da\u00f1ar la vista. Reutilizable, lo que evita el desperdicio de papel y protege los recursos forestales.<\/li>\n<li>\n<div class=\"div54\"><span class=\"xm-text split_text6601 f-regular\" data-key=\"overview_17\" data-type=\"text\" data-id=\"xpxv32uxg4\">La pantalla LCD de cero alimentaci\u00f3n solo consume una peque\u00f1a cantidad de energ\u00eda cuando se borra la pantalla. La pila de bot\u00f3n dura hasta 365 d\u00edas si la pantalla se borra 100 veces al d\u00eda <\/span>100 veces Hasta 365 d\u00edas de uso<\/div>\n<\/li>\n<\/ul>","protected":false},"excerpt":{"rendered":"<ul>\n<li>Pantalla LCD con funci\u00f3n de cuidado de la vista, sin polvo, sin tinta y que filtra la luz azul<\/li>\n<li>Bajo consumo de energ\u00eda para una mayor autonom\u00eda<\/li>\n<li>Ligera, port\u00e1til y f\u00e1cil de llevar<\/li>\n<li>L\u00e1piz magn\u00e9tico, con espacio para su almacenamiento seguro<\/li>\n<li>Port\u00e1til y muy c\u00f3moda. Una tableta para cualquier momento y lugar.<\/li>\n<\/ul>","protected":false},"featured_media":16024,"comment_status":"open","ping_status":"closed","template":"","meta":{"_joinchat":[]},"product_brand":[],"product_cat":[414,179],"product_tag":[189],"class_list":{"0":"post-15952","1":"product","2":"type-product","3":"status-publish","4":"has-post-thumbnail","6":"product_cat-tablets-xiaomi","7":"product_cat-xiaomi","8":"product_tag-tablets","10":"first","11":"instock","12":"shipping-taxable","13":"purchasable","14":"product-type-simple"},"supplier_id":null,"supplier_sku":"","barcode":null,"atum_controlled":true,"out_stock_date":null,"out_stock_threshold":null,"inheritable":false,"inbound_stock":null,"stock_on_hold":0,"sold_today":0,"sales_last_days":0,"reserved_stock":null,"customer_returns":null,"warehouse_damage":null,"lost_in_post":null,"other_logs":null,"out_stock_days":0,"lost_sales":0,"has_location":null,"update_date":"2026-04-03T17:38:44","atum_locations":[],"atum_stock_status":"instock","restock_status":false,"low_stock_amount":"","sales_update_date":"2026-04-03T17:38:44","calc_backorders":null,"_links":{"self":[{"href":"https:\/\/globalkenko.es\/en\/wp-json\/wp\/v2\/product\/15952","targetHints":{"allow":["GET"]}}],"collection":[{"href":"https:\/\/globalkenko.es\/en\/wp-json\/wp\/v2\/product"}],"about":[{"href":"https:\/\/globalkenko.es\/en\/wp-json\/wp\/v2\/types\/product"}],"replies":[{"embeddable":true,"href":"https:\/\/globalkenko.es\/en\/wp-json\/wp\/v2\/comments?post=15952"}],"version-history":[{"count":1,"href":"https:\/\/globalkenko.es\/en\/wp-json\/wp\/v2\/product\/15952\/revisions"}],"predecessor-version":[{"id":16025,"href":"https:\/\/globalkenko.es\/en\/wp-json\/wp\/v2\/product\/15952\/revisions\/16025"}],"wp:featuredmedia":[{"embeddable":true,"href":"https:\/\/globalkenko.es\/en\/wp-json\/wp\/v2\/media\/16024"}],"wp:attachment":[{"href":"https:\/\/globalkenko.es\/en\/wp-json\/wp\/v2\/media?parent=15952"}],"wp:term":[{"taxonomy":"product_brand","embeddable":true,"href":"https:\/\/globalkenko.es\/en\/wp-json\/wp\/v2\/product_brand?post=15952"},{"taxonomy":"product_cat","embeddable":true,"href":"https:\/\/globalkenko.es\/en\/wp-json\/wp\/v2\/product_cat?post=15952"},{"taxonomy":"product_tag","embeddable":true,"href":"https:\/\/globalkenko.es\/en\/wp-json\/wp\/v2\/product_tag?post=15952"}],"curies":[{"name":"wp","href":"https:\/\/api.w.org\/{rel}","templated":true}]}}