{"id":15953,"date":"2025-01-05T12:56:47","date_gmt":"2025-01-05T12:56:47","guid":{"rendered":"https:\/\/globalkenko.es\/?post_type=product&#038;p=15953"},"modified":"2025-01-05T12:57:44","modified_gmt":"2025-01-05T12:57:44","slug":"xiaomi-pizarra-lcd-13-5","status":"publish","type":"product","link":"https:\/\/globalkenko.es\/en\/xiaomi-pizarra-lcd-13-5\/","title":{"rendered":"Xiaomi Pizarra LCD 13.5"},"content":{"rendered":"<p style=\"text-align: center;\">Xiaomi Pizarra LCD 13.5<\/p>\n<ul>\n<li>\n<div class=\"div54\">Cuerpo ultradelgado, f\u00e1cil de transportar<\/div>\n<\/li>\n<li>El tabl\u00f3n de mensajes ideal para la familia<\/li>\n<li>Reuniones m\u00e1s eficientes y sin esfuerzo<\/li>\n<\/ul>","protected":false},"excerpt":{"rendered":"<ul>\n<li>Dibuja en cualquier lugar y muestra tus momentos de inspiraci\u00f3n<\/li>\n<li>Pel\u00edcula LCD personalizada para una escritura clara y natural<\/li>\n<li>los sensores de presi\u00f3n de alta sensibilidad, el grosor de la escritura a mano cambia seg\u00fan la fuerza<\/li>\n<li>Pantalla n\u00edtida de un toque, bajo consumo de energ\u00eda y larga duraci\u00f3n de la pila<\/li>\n<li>L\u00e1piz magn\u00e9tico ultraligero para un uso y almacenamiento m\u00e1s c\u00f3modos<\/li>\n<li>L\u00e1piz con un dise\u00f1o exclusivo y un agarre c\u00f3modo<\/li>\n<li>Cuerpo ultradelgado, f\u00e1cil de transportar<\/li>\n<\/ul>","protected":false},"featured_media":16026,"comment_status":"open","ping_status":"closed","template":"","meta":{"_joinchat":[]},"product_brand":[],"product_cat":[414,179],"product_tag":[189],"class_list":{"0":"post-15953","1":"product","2":"type-product","3":"status-publish","4":"has-post-thumbnail","6":"product_cat-tablets-xiaomi","7":"product_cat-xiaomi","8":"product_tag-tablets","10":"first","11":"instock","12":"shipping-taxable","13":"purchasable","14":"product-type-simple"},"supplier_id":null,"supplier_sku":"","barcode":null,"atum_controlled":true,"out_stock_date":null,"out_stock_threshold":null,"inheritable":false,"inbound_stock":null,"stock_on_hold":0,"sold_today":0,"sales_last_days":0,"reserved_stock":null,"customer_returns":null,"warehouse_damage":null,"lost_in_post":null,"other_logs":null,"out_stock_days":0,"lost_sales":0,"has_location":null,"update_date":"2026-04-03T17:38:45","atum_locations":[],"atum_stock_status":"instock","restock_status":false,"low_stock_amount":"","sales_update_date":"2026-04-03T17:38:45","calc_backorders":null,"_links":{"self":[{"href":"https:\/\/globalkenko.es\/en\/wp-json\/wp\/v2\/product\/15953","targetHints":{"allow":["GET"]}}],"collection":[{"href":"https:\/\/globalkenko.es\/en\/wp-json\/wp\/v2\/product"}],"about":[{"href":"https:\/\/globalkenko.es\/en\/wp-json\/wp\/v2\/types\/product"}],"replies":[{"embeddable":true,"href":"https:\/\/globalkenko.es\/en\/wp-json\/wp\/v2\/comments?post=15953"}],"version-history":[{"count":1,"href":"https:\/\/globalkenko.es\/en\/wp-json\/wp\/v2\/product\/15953\/revisions"}],"predecessor-version":[{"id":16027,"href":"https:\/\/globalkenko.es\/en\/wp-json\/wp\/v2\/product\/15953\/revisions\/16027"}],"wp:featuredmedia":[{"embeddable":true,"href":"https:\/\/globalkenko.es\/en\/wp-json\/wp\/v2\/media\/16026"}],"wp:attachment":[{"href":"https:\/\/globalkenko.es\/en\/wp-json\/wp\/v2\/media?parent=15953"}],"wp:term":[{"taxonomy":"product_brand","embeddable":true,"href":"https:\/\/globalkenko.es\/en\/wp-json\/wp\/v2\/product_brand?post=15953"},{"taxonomy":"product_cat","embeddable":true,"href":"https:\/\/globalkenko.es\/en\/wp-json\/wp\/v2\/product_cat?post=15953"},{"taxonomy":"product_tag","embeddable":true,"href":"https:\/\/globalkenko.es\/en\/wp-json\/wp\/v2\/product_tag?post=15953"}],"curies":[{"name":"wp","href":"https:\/\/api.w.org\/{rel}","templated":true}]}}