{"id":16080,"date":"2025-01-05T13:00:41","date_gmt":"2025-01-05T13:00:41","guid":{"rendered":"https:\/\/globalkenko.es\/?post_type=product&#038;p=16080"},"modified":"2025-01-05T13:00:57","modified_gmt":"2025-01-05T13:00:57","slug":"bose-quietcomfort-earbuds-ii-cancelacion-de-ruido-negro","status":"publish","type":"product","link":"https:\/\/globalkenko.es\/en\/bose-quietcomfort-earbuds-ii-cancelacion-de-ruido-negro\/","title":{"rendered":"Bose QuietComfort Earbuds II Cancelacion de Ruido &#8211; Negro"},"content":{"rendered":"<p style=\"text-align: center;\"><strong>Bose QuietComfort Earbuds II Cancelacion de Ruido &#8211; Negro<\/strong><\/p>\n<p>Un sonido que literalmente se ajusta a usted<br \/>\nLos aud\u00edfonos Bose QuietComfort Earbuds II son la pr\u00f3xima generaci\u00f3n de audici\u00f3n inal\u00e1mbrica. Ofrece lo mejor en sonido y cancelaci\u00f3n de ruido totalmente a su medida.<br \/>\nPersonalizaci\u00f3n total<br \/>\nSiempre obtendr\u00e1s la mejor calidad de sonido, ya que la tecnolog\u00eda CustomTune se adapta autom\u00e1ticamente al gusto de tus o\u00eddos.<br \/>\nPodr\u00e1s aislarte del mundo o conectar mejor con \u00e9l.<br \/>\nLa aut\u00e9ntica felicidad reside en el modo Silencio cuando silencia el ruido de fondo con la mejor cancelaci\u00f3n de ruido del mundo.<br \/>\nC\u00f3mo se nota la diferencia<br \/>\nEscuche esta pista de audio en bucle.<br \/>\nCambie de MODO para ver las ventajas.<br \/>\nHa o\u00eddo bien<br \/>\nBuscamos un sonido realista y equilibrado, y lo alcanzamos con una tecnolog\u00eda innovadora adaptada a los dispositivos peque\u00f1os.<\/p>\n<p>La bater\u00eda<br \/>\nAutonom\u00eda de la bater\u00eda: Hasta 6 horas<br \/>\nTiempo de recarga de los auriculares: 1 hora<br \/>\nTiempo de recarga del estuche de carga 3 horas<br \/>\nDuraci\u00f3n de la carga r\u00e1pida: 20 minutos para 2 horas de reproducci\u00f3n<br \/>\nForma de carga de la bater\u00eda: USB-C<br \/>\nClase de bater\u00eda (auricular): Ion de litio<br \/>\nModelo de bater\u00eda (carcasa): I\u00f3n de litio<br \/>\nApagado y encendido autom\u00e1tico para ahorrar bater\u00eda<\/p>\n<p>Micr\u00f3fonos<br \/>\n4 micr\u00f3fonos en cada auricular<\/p>\n<p>Tecnolog\u00eda<br \/>\nAlcance Bluetooth: Hasta 9 metrosVersi\u00f3n de Bluetooth: 5.3<br \/>\nCodec: SBC y AAC<br \/>\nChipset: Qualcomm\u00ae S5 Audio SoC<\/p>","protected":false},"excerpt":{"rendered":"<p>La Tecnolog\u00eda personalizada Customtune<br \/>\nLa mejor tecnolog\u00eda de cancelaci\u00f3n de ruido del mundo<br \/>\nAjuste de la ecualizaci\u00f3n<br \/>\nmodos de silencio y consciente ajustables<br \/>\nDuraci\u00f3n de la bater\u00eda de hasta 6 horas<br \/>\nF\u00e1cil manejo t\u00e1ctil<\/p>","protected":false},"featured_media":16118,"comment_status":"open","ping_status":"closed","template":"","meta":{"_joinchat":[]},"product_brand":[],"product_cat":[244,148],"product_tag":[125,126],"class_list":{"0":"post-16080","1":"product","2":"type-product","3":"status-publish","4":"has-post-thumbnail","6":"product_cat-auriculares-bose","7":"product_cat-bose","8":"product_tag-auriculares","9":"product_tag-multimedia","11":"first","12":"instock","13":"shipping-taxable","14":"purchasable","15":"product-type-simple"},"supplier_id":null,"supplier_sku":"","barcode":null,"atum_controlled":true,"out_stock_date":null,"out_stock_threshold":null,"inheritable":false,"inbound_stock":null,"stock_on_hold":0,"sold_today":0,"sales_last_days":0,"reserved_stock":null,"customer_returns":null,"warehouse_damage":null,"lost_in_post":null,"other_logs":null,"out_stock_days":0,"lost_sales":0,"has_location":null,"update_date":"2026-04-03T17:38:44","atum_locations":[],"atum_stock_status":"instock","restock_status":false,"low_stock_amount":"","sales_update_date":"2026-04-03T17:38:44","calc_backorders":null,"_links":{"self":[{"href":"https:\/\/globalkenko.es\/en\/wp-json\/wp\/v2\/product\/16080","targetHints":{"allow":["GET"]}}],"collection":[{"href":"https:\/\/globalkenko.es\/en\/wp-json\/wp\/v2\/product"}],"about":[{"href":"https:\/\/globalkenko.es\/en\/wp-json\/wp\/v2\/types\/product"}],"replies":[{"embeddable":true,"href":"https:\/\/globalkenko.es\/en\/wp-json\/wp\/v2\/comments?post=16080"}],"version-history":[{"count":1,"href":"https:\/\/globalkenko.es\/en\/wp-json\/wp\/v2\/product\/16080\/revisions"}],"predecessor-version":[{"id":16119,"href":"https:\/\/globalkenko.es\/en\/wp-json\/wp\/v2\/product\/16080\/revisions\/16119"}],"wp:featuredmedia":[{"embeddable":true,"href":"https:\/\/globalkenko.es\/en\/wp-json\/wp\/v2\/media\/16118"}],"wp:attachment":[{"href":"https:\/\/globalkenko.es\/en\/wp-json\/wp\/v2\/media?parent=16080"}],"wp:term":[{"taxonomy":"product_brand","embeddable":true,"href":"https:\/\/globalkenko.es\/en\/wp-json\/wp\/v2\/product_brand?post=16080"},{"taxonomy":"product_cat","embeddable":true,"href":"https:\/\/globalkenko.es\/en\/wp-json\/wp\/v2\/product_cat?post=16080"},{"taxonomy":"product_tag","embeddable":true,"href":"https:\/\/globalkenko.es\/en\/wp-json\/wp\/v2\/product_tag?post=16080"}],"curies":[{"name":"wp","href":"https:\/\/api.w.org\/{rel}","templated":true}]}}