{"id":16090,"date":"2025-01-05T13:00:42","date_gmt":"2025-01-05T13:00:42","guid":{"rendered":"https:\/\/globalkenko.es\/?post_type=product&#038;p=16090"},"modified":"2025-01-05T13:01:27","modified_gmt":"2025-01-05T13:01:27","slug":"bose-quietcomfort-earbuds-ultra-cancelacion-de-ruido-blanco","status":"publish","type":"product","link":"https:\/\/globalkenko.es\/en\/bose-quietcomfort-earbuds-ultra-cancelacion-de-ruido-blanco\/","title":{"rendered":"Bose QuietComfort EarBuds Ultra Noise Cancelling White"},"content":{"rendered":"<p>Bose QuietComfort EarBuds Ultra Noise Cancelling White<\/p>","protected":false},"excerpt":{"rendered":"<p style=\"text-align: center;\"><strong>Bose QuietComfort EarBuds Ultra Noise Cancelling White<\/strong><\/p>\n<p><!--more--><\/p>\n<ul>\n<li>Estos auriculares QuietComfort Ultra Earbuds incluyen las mismas funciones que los QuietComfort Earbuds II, pero con el refuerzo del innovador audio inmersivo de Bose y ajustes de audio envolventes para modos personalizados.<\/li>\n<li>El audio de inmersi\u00f3n con seguimiento de la cabeza funciona con cualquier contenido est\u00e9reo.<\/li>\n<li>Otras nuevas caracter\u00edsticas son la tecnolog\u00eda Snapdragon Sound certificada, que utiliza audio de alta resoluci\u00f3n y c\u00f3dec de baja latencia, Qualcomm aptX Adaptive y Google Fast Pair.<\/li>\n<li>Tambi\u00e9n estrenan un nuevo acabado met\u00e1lico, as\u00ed como una nueva muesca\/alineaci\u00f3n de teclas para las bandas de estabilidad que facilita su colocaci\u00f3n y extracci\u00f3n<\/li>\n<\/ul>","protected":false},"featured_media":16147,"comment_status":"open","ping_status":"closed","template":"","meta":{"_joinchat":[]},"product_brand":[],"product_cat":[244,148],"product_tag":[125],"class_list":{"0":"post-16090","1":"product","2":"type-product","3":"status-publish","4":"has-post-thumbnail","6":"product_cat-auriculares-bose","7":"product_cat-bose","8":"product_tag-auriculares","10":"first","11":"instock","12":"shipping-taxable","13":"purchasable","14":"product-type-simple"},"supplier_id":null,"supplier_sku":"","barcode":null,"atum_controlled":true,"out_stock_date":null,"out_stock_threshold":null,"inheritable":false,"inbound_stock":null,"stock_on_hold":0,"sold_today":0,"sales_last_days":0,"reserved_stock":null,"customer_returns":null,"warehouse_damage":null,"lost_in_post":null,"other_logs":null,"out_stock_days":0,"lost_sales":0,"has_location":null,"update_date":"2026-04-03T17:38:43","atum_locations":[],"atum_stock_status":"instock","restock_status":false,"low_stock_amount":"","sales_update_date":"2026-04-03T17:38:43","calc_backorders":null,"_links":{"self":[{"href":"https:\/\/globalkenko.es\/en\/wp-json\/wp\/v2\/product\/16090","targetHints":{"allow":["GET"]}}],"collection":[{"href":"https:\/\/globalkenko.es\/en\/wp-json\/wp\/v2\/product"}],"about":[{"href":"https:\/\/globalkenko.es\/en\/wp-json\/wp\/v2\/types\/product"}],"replies":[{"embeddable":true,"href":"https:\/\/globalkenko.es\/en\/wp-json\/wp\/v2\/comments?post=16090"}],"version-history":[{"count":1,"href":"https:\/\/globalkenko.es\/en\/wp-json\/wp\/v2\/product\/16090\/revisions"}],"predecessor-version":[{"id":16148,"href":"https:\/\/globalkenko.es\/en\/wp-json\/wp\/v2\/product\/16090\/revisions\/16148"}],"wp:featuredmedia":[{"embeddable":true,"href":"https:\/\/globalkenko.es\/en\/wp-json\/wp\/v2\/media\/16147"}],"wp:attachment":[{"href":"https:\/\/globalkenko.es\/en\/wp-json\/wp\/v2\/media?parent=16090"}],"wp:term":[{"taxonomy":"product_brand","embeddable":true,"href":"https:\/\/globalkenko.es\/en\/wp-json\/wp\/v2\/product_brand?post=16090"},{"taxonomy":"product_cat","embeddable":true,"href":"https:\/\/globalkenko.es\/en\/wp-json\/wp\/v2\/product_cat?post=16090"},{"taxonomy":"product_tag","embeddable":true,"href":"https:\/\/globalkenko.es\/en\/wp-json\/wp\/v2\/product_tag?post=16090"}],"curies":[{"name":"wp","href":"https:\/\/api.w.org\/{rel}","templated":true}]}}