{"id":16093,"date":"2025-01-05T13:00:42","date_gmt":"2025-01-05T13:00:42","guid":{"rendered":"https:\/\/globalkenko.es\/?post_type=product&#038;p=16093"},"modified":"2025-01-05T13:01:36","modified_gmt":"2025-01-05T13:01:36","slug":"almohadilla-auricular-bose-qc-35ii-negro","status":"publish","type":"product","link":"https:\/\/globalkenko.es\/en\/almohadilla-auricular-bose-qc-35ii-negro\/","title":{"rendered":"Almohadilla auricular Bose QC 35II Negro"},"content":{"rendered":"<p style=\"text-align: center;\"><strong>Almohadilla auricular Bose QC 35II Negro <\/strong><\/p>","protected":false},"excerpt":{"rendered":"<p>Las almohadillas de repuesto est\u00e1n elaboradas con una nueva composici\u00f3n de cuero PU m\u00e1s blando y espuma con memoria que consigue el equilibrio perfecto entre comodidad y durabilidad. No hay necesidad de acostumbrarse a estas almohadillas, ya que se sienten suaves desde el primer d\u00eda.<\/p>","protected":false},"featured_media":16154,"comment_status":"open","ping_status":"closed","template":"","meta":{"_joinchat":[]},"product_brand":[],"product_cat":[244,148,247],"product_tag":[128,183,126],"class_list":{"0":"post-16093","1":"product","2":"type-product","3":"status-publish","4":"has-post-thumbnail","6":"product_cat-auriculares-bose","7":"product_cat-bose","8":"product_cat-informatica","9":"product_tag-accesorios","10":"product_tag-informatica","11":"product_tag-multimedia","13":"first","14":"instock","15":"shipping-taxable","16":"purchasable","17":"product-type-simple"},"supplier_id":null,"supplier_sku":"","barcode":null,"atum_controlled":true,"out_stock_date":null,"out_stock_threshold":null,"inheritable":false,"inbound_stock":null,"stock_on_hold":0,"sold_today":0,"sales_last_days":0,"reserved_stock":null,"customer_returns":null,"warehouse_damage":null,"lost_in_post":null,"other_logs":null,"out_stock_days":0,"lost_sales":0,"has_location":null,"update_date":"2026-04-03T17:38:43","atum_locations":[],"atum_stock_status":"instock","restock_status":false,"low_stock_amount":"","sales_update_date":"2026-04-03T17:38:43","calc_backorders":null,"_links":{"self":[{"href":"https:\/\/globalkenko.es\/en\/wp-json\/wp\/v2\/product\/16093","targetHints":{"allow":["GET"]}}],"collection":[{"href":"https:\/\/globalkenko.es\/en\/wp-json\/wp\/v2\/product"}],"about":[{"href":"https:\/\/globalkenko.es\/en\/wp-json\/wp\/v2\/types\/product"}],"replies":[{"embeddable":true,"href":"https:\/\/globalkenko.es\/en\/wp-json\/wp\/v2\/comments?post=16093"}],"version-history":[{"count":1,"href":"https:\/\/globalkenko.es\/en\/wp-json\/wp\/v2\/product\/16093\/revisions"}],"predecessor-version":[{"id":16156,"href":"https:\/\/globalkenko.es\/en\/wp-json\/wp\/v2\/product\/16093\/revisions\/16156"}],"wp:featuredmedia":[{"embeddable":true,"href":"https:\/\/globalkenko.es\/en\/wp-json\/wp\/v2\/media\/16154"}],"wp:attachment":[{"href":"https:\/\/globalkenko.es\/en\/wp-json\/wp\/v2\/media?parent=16093"}],"wp:term":[{"taxonomy":"product_brand","embeddable":true,"href":"https:\/\/globalkenko.es\/en\/wp-json\/wp\/v2\/product_brand?post=16093"},{"taxonomy":"product_cat","embeddable":true,"href":"https:\/\/globalkenko.es\/en\/wp-json\/wp\/v2\/product_cat?post=16093"},{"taxonomy":"product_tag","embeddable":true,"href":"https:\/\/globalkenko.es\/en\/wp-json\/wp\/v2\/product_tag?post=16093"}],"curies":[{"name":"wp","href":"https:\/\/api.w.org\/{rel}","templated":true}]}}