{"id":16104,"date":"2025-01-05T13:00:42","date_gmt":"2025-01-05T13:00:42","guid":{"rendered":"https:\/\/globalkenko.es\/?post_type=product&#038;p=16104"},"modified":"2025-01-05T13:01:57","modified_gmt":"2025-01-05T13:01:57","slug":"acefast-e16-desktop-soporte-magnetico-3-en-1-negro","status":"publish","type":"product","link":"https:\/\/globalkenko.es\/en\/acefast-e16-desktop-soporte-magnetico-3-en-1-negro\/","title":{"rendered":"Acefast E16 DeskTop Magnetic Stand 3 in 1 Black"},"content":{"rendered":"<p>Acefast E16 DeskTop Magnetic Stand 3 in 1 Black<\/p>","protected":false},"excerpt":{"rendered":"<ul>\n<li>Cargador inal\u00e1mbrico magn\u00e9tico para tel\u00e9fono, auriculares TWS, reloj inteligente.<\/li>\n<li>Soporte de sobremesa.<\/li>\n<li>Salida de 5 W \/ 7,5 W \/ 10 W \/ 15 W.<\/li>\n<li>Certificaci\u00f3n m\u00faltiple.<\/li>\n<li>Luz ambiental LED.<\/li>\n<\/ul>","protected":false},"featured_media":16180,"comment_status":"open","ping_status":"closed","template":"","meta":{"_joinchat":[]},"product_brand":[],"product_cat":[415],"product_tag":[128],"class_list":{"0":"post-16104","1":"product","2":"type-product","3":"status-publish","4":"has-post-thumbnail","6":"product_cat-acefast","7":"product_tag-accesorios","9":"first","10":"instock","11":"shipping-taxable","12":"purchasable","13":"product-type-simple"},"supplier_id":null,"supplier_sku":"","barcode":null,"atum_controlled":true,"out_stock_date":null,"out_stock_threshold":null,"inheritable":false,"inbound_stock":null,"stock_on_hold":0,"sold_today":0,"sales_last_days":0,"reserved_stock":null,"customer_returns":null,"warehouse_damage":null,"lost_in_post":null,"other_logs":null,"out_stock_days":0,"lost_sales":0,"has_location":null,"update_date":"2026-04-03T17:38:42","atum_locations":[],"atum_stock_status":"instock","restock_status":false,"low_stock_amount":"","sales_update_date":"2026-04-03T17:38:42","calc_backorders":null,"_links":{"self":[{"href":"https:\/\/globalkenko.es\/en\/wp-json\/wp\/v2\/product\/16104","targetHints":{"allow":["GET"]}}],"collection":[{"href":"https:\/\/globalkenko.es\/en\/wp-json\/wp\/v2\/product"}],"about":[{"href":"https:\/\/globalkenko.es\/en\/wp-json\/wp\/v2\/types\/product"}],"replies":[{"embeddable":true,"href":"https:\/\/globalkenko.es\/en\/wp-json\/wp\/v2\/comments?post=16104"}],"version-history":[{"count":1,"href":"https:\/\/globalkenko.es\/en\/wp-json\/wp\/v2\/product\/16104\/revisions"}],"predecessor-version":[{"id":16181,"href":"https:\/\/globalkenko.es\/en\/wp-json\/wp\/v2\/product\/16104\/revisions\/16181"}],"wp:featuredmedia":[{"embeddable":true,"href":"https:\/\/globalkenko.es\/en\/wp-json\/wp\/v2\/media\/16180"}],"wp:attachment":[{"href":"https:\/\/globalkenko.es\/en\/wp-json\/wp\/v2\/media?parent=16104"}],"wp:term":[{"taxonomy":"product_brand","embeddable":true,"href":"https:\/\/globalkenko.es\/en\/wp-json\/wp\/v2\/product_brand?post=16104"},{"taxonomy":"product_cat","embeddable":true,"href":"https:\/\/globalkenko.es\/en\/wp-json\/wp\/v2\/product_cat?post=16104"},{"taxonomy":"product_tag","embeddable":true,"href":"https:\/\/globalkenko.es\/en\/wp-json\/wp\/v2\/product_tag?post=16104"}],"curies":[{"name":"wp","href":"https:\/\/api.w.org\/{rel}","templated":true}]}}