{"id":16202,"date":"2025-01-05T13:06:17","date_gmt":"2025-01-05T13:06:17","guid":{"rendered":"https:\/\/globalkenko.es\/?post_type=product&#038;p=16202"},"modified":"2025-01-05T13:06:35","modified_gmt":"2025-01-05T13:06:35","slug":"sony-mando-inalambrico-dualsense","status":"publish","type":"product","link":"https:\/\/globalkenko.es\/en\/sony-mando-inalambrico-dualsense\/","title":{"rendered":"Sony Mando inal\u00e1mbrico DualSense"},"content":{"rendered":"<p>Sony Mando inal\u00e1mbrico DualSense<\/p>","protected":false},"excerpt":{"rendered":"<p>Sony Mando inal\u00e1mbrico DualSense \u00a0un mando para PS5 que incluye varias caracter\u00edsticas de \u00faltima generaci\u00f3n como la retroalimentaci\u00f3n t\u00e1ctil y gatillos adaptativos din\u00e1micos. Las sensaciones son m\u00e1s r\u00e1pidas, m\u00e1s precisas y mucho m\u00e1s t\u00e1ctiles. El jugador que lo desee puede reducir el efecto o desactivarlo desde el mando.<\/p>","protected":false},"featured_media":16238,"comment_status":"open","ping_status":"closed","template":"","meta":{"_joinchat":[]},"product_brand":[],"product_cat":[375,178],"product_tag":[376],"class_list":{"0":"post-16202","1":"product","2":"type-product","3":"status-publish","4":"has-post-thumbnail","6":"product_cat-consolas","7":"product_cat-sony","8":"product_tag-consolas","10":"first","11":"instock","12":"shipping-taxable","13":"purchasable","14":"product-type-simple"},"supplier_id":null,"supplier_sku":"","barcode":null,"atum_controlled":true,"out_stock_date":null,"out_stock_threshold":null,"inheritable":false,"inbound_stock":null,"stock_on_hold":0,"sold_today":0,"sales_last_days":0,"reserved_stock":null,"customer_returns":null,"warehouse_damage":null,"lost_in_post":null,"other_logs":null,"out_stock_days":0,"lost_sales":0,"has_location":null,"update_date":"2026-04-03T17:38:42","atum_locations":[],"atum_stock_status":"instock","restock_status":false,"low_stock_amount":"","sales_update_date":"2026-04-03T17:38:42","calc_backorders":null,"_links":{"self":[{"href":"https:\/\/globalkenko.es\/en\/wp-json\/wp\/v2\/product\/16202","targetHints":{"allow":["GET"]}}],"collection":[{"href":"https:\/\/globalkenko.es\/en\/wp-json\/wp\/v2\/product"}],"about":[{"href":"https:\/\/globalkenko.es\/en\/wp-json\/wp\/v2\/types\/product"}],"replies":[{"embeddable":true,"href":"https:\/\/globalkenko.es\/en\/wp-json\/wp\/v2\/comments?post=16202"}],"version-history":[{"count":1,"href":"https:\/\/globalkenko.es\/en\/wp-json\/wp\/v2\/product\/16202\/revisions"}],"predecessor-version":[{"id":16239,"href":"https:\/\/globalkenko.es\/en\/wp-json\/wp\/v2\/product\/16202\/revisions\/16239"}],"wp:featuredmedia":[{"embeddable":true,"href":"https:\/\/globalkenko.es\/en\/wp-json\/wp\/v2\/media\/16238"}],"wp:attachment":[{"href":"https:\/\/globalkenko.es\/en\/wp-json\/wp\/v2\/media?parent=16202"}],"wp:term":[{"taxonomy":"product_brand","embeddable":true,"href":"https:\/\/globalkenko.es\/en\/wp-json\/wp\/v2\/product_brand?post=16202"},{"taxonomy":"product_cat","embeddable":true,"href":"https:\/\/globalkenko.es\/en\/wp-json\/wp\/v2\/product_cat?post=16202"},{"taxonomy":"product_tag","embeddable":true,"href":"https:\/\/globalkenko.es\/en\/wp-json\/wp\/v2\/product_tag?post=16202"}],"curies":[{"name":"wp","href":"https:\/\/api.w.org\/{rel}","templated":true}]}}