{"id":16222,"date":"2025-01-05T13:06:18","date_gmt":"2025-01-05T13:06:18","guid":{"rendered":"https:\/\/globalkenko.es\/?post_type=product&#038;p=16222"},"modified":"2025-01-05T13:07:00","modified_gmt":"2025-01-05T13:07:00","slug":"gopro-hero","status":"publish","type":"product","link":"https:\/\/globalkenko.es\/en\/gopro-hero\/","title":{"rendered":"GoPro Hero"},"content":{"rendered":"<p style=\"text-align: center;\">GoPro Hero<\/p>","protected":false},"excerpt":{"rendered":"<p style=\"text-align: center;\"><strong>Disponible Apartir del 22\/09\/2024 Preventa<\/strong><\/p>\n<p class=\"composition__value\">Con un dise\u00f1o diminuto e intuitivo, nuestra c\u00e1mara 4K m\u00e1s peque\u00f1a es resistente y superligera, con un tama\u00f1o y peso m\u00e1s reducidos que los de otras c\u00e1maras GoPro, y sumergible hasta 5 m. Los controles optimizados te permiten grabar v\u00eddeo en 4K y realizar fotos envolventes y tomas a c\u00e1mara lenta con solo pulsar el obturador. Despu\u00e9s de grabar, reproduce el v\u00eddeo en la aplicaci\u00f3n GoPro Quik<\/p>\n<p class=\"composition__value\">La estabilizaci\u00f3n de v\u00eddeo HyperSmooth suavizar\u00e1 autom\u00e1ticamente las vibraciones del contenido. Conecta la HERO para cargarla y tu contenido se subir\u00e1 a la nube, se convertir\u00e1 en un v\u00eddeo de momentos destacados y se enviar\u00e1 a tu tel\u00e9fono para que puedas revivir tu aventura y compartir la diversi\u00f3n.<\/p>","protected":false},"featured_media":16281,"comment_status":"open","ping_status":"closed","template":"","meta":{"_joinchat":[]},"product_brand":[],"product_cat":[321],"product_tag":[252],"class_list":{"0":"post-16222","1":"product","2":"type-product","3":"status-publish","4":"has-post-thumbnail","6":"product_cat-gopro","7":"product_tag-fotografia","9":"first","10":"instock","11":"shipping-taxable","12":"purchasable","13":"product-type-simple"},"supplier_id":null,"supplier_sku":"","barcode":null,"atum_controlled":true,"out_stock_date":null,"out_stock_threshold":null,"inheritable":false,"inbound_stock":null,"stock_on_hold":0,"sold_today":0,"sales_last_days":0,"reserved_stock":null,"customer_returns":null,"warehouse_damage":null,"lost_in_post":null,"other_logs":null,"out_stock_days":0,"lost_sales":0,"has_location":null,"update_date":"2026-04-03T17:38:43","atum_locations":[],"atum_stock_status":"instock","restock_status":false,"low_stock_amount":"","sales_update_date":"2026-04-03T17:38:43","calc_backorders":null,"_links":{"self":[{"href":"https:\/\/globalkenko.es\/en\/wp-json\/wp\/v2\/product\/16222","targetHints":{"allow":["GET"]}}],"collection":[{"href":"https:\/\/globalkenko.es\/en\/wp-json\/wp\/v2\/product"}],"about":[{"href":"https:\/\/globalkenko.es\/en\/wp-json\/wp\/v2\/types\/product"}],"replies":[{"embeddable":true,"href":"https:\/\/globalkenko.es\/en\/wp-json\/wp\/v2\/comments?post=16222"}],"version-history":[{"count":1,"href":"https:\/\/globalkenko.es\/en\/wp-json\/wp\/v2\/product\/16222\/revisions"}],"predecessor-version":[{"id":16282,"href":"https:\/\/globalkenko.es\/en\/wp-json\/wp\/v2\/product\/16222\/revisions\/16282"}],"wp:featuredmedia":[{"embeddable":true,"href":"https:\/\/globalkenko.es\/en\/wp-json\/wp\/v2\/media\/16281"}],"wp:attachment":[{"href":"https:\/\/globalkenko.es\/en\/wp-json\/wp\/v2\/media?parent=16222"}],"wp:term":[{"taxonomy":"product_brand","embeddable":true,"href":"https:\/\/globalkenko.es\/en\/wp-json\/wp\/v2\/product_brand?post=16222"},{"taxonomy":"product_cat","embeddable":true,"href":"https:\/\/globalkenko.es\/en\/wp-json\/wp\/v2\/product_cat?post=16222"},{"taxonomy":"product_tag","embeddable":true,"href":"https:\/\/globalkenko.es\/en\/wp-json\/wp\/v2\/product_tag?post=16222"}],"curies":[{"name":"wp","href":"https:\/\/api.w.org\/{rel}","templated":true}]}}