{"id":16300,"date":"2025-01-05T13:08:15","date_gmt":"2025-01-05T13:08:15","guid":{"rendered":"https:\/\/globalkenko.es\/?post_type=product&#038;p=16300"},"modified":"2025-01-05T13:11:58","modified_gmt":"2025-01-05T13:11:58","slug":"amazon-kindle-paperwhite-6-8-2","status":"publish","type":"product","link":"https:\/\/globalkenko.es\/en\/amazon-kindle-paperwhite-6-8-2\/","title":{"rendered":"Amazon Kindle PaperWhite 6.8\u2033."},"content":{"rendered":"<p>El ereader es un libro de lectura fino y ligero para una sola mano.<\/p>\n<p>Kindle ahora es un 11 % m\u00e1s delgado y un 16 % m\u00e1s liviano que la generaci\u00f3n anterior. Se lee como un libro impreso, Kindle usa part\u00edculas de tinta y fuentes \u00fanicas cuidadosamente dise\u00f1adas para que las palabras se vean m\u00e1s claras y n\u00edtidas, como un libro impreso. A diferencia de las tabletas, tiene sin luces azules que afecten el sue\u00f1o. Sin deslumbramiento incluso a plena luz del d\u00eda<\/p>\n<p>La bater\u00eda dura semanas, no horas. El lector electr\u00f3nico Kindle est\u00e1 especialmente dise\u00f1ado para leer. Disfruta de tu pasi\u00f3n por la lectura sin molestas interrupciones como alertas y notificaciones por correo electr\u00f3nico.<\/p>","protected":false},"excerpt":{"rendered":"<p>Amazon Kindle PaperWhite 6.8\u2033.<\/p>","protected":false},"featured_media":16109,"comment_status":"closed","ping_status":"closed","template":"","meta":{"_joinchat":[]},"product_brand":[],"product_cat":[132,247,133],"product_tag":[249],"class_list":{"0":"post-16300","1":"product","2":"type-product","3":"status-publish","4":"has-post-thumbnail","6":"product_cat-amazon","7":"product_cat-informatica","8":"product_cat-kindle-amazon","9":"product_tag-ebook","11":"first","12":"instock","13":"shipping-taxable","14":"purchasable","15":"product-type-variable"},"supplier_id":null,"supplier_sku":"","barcode":null,"atum_controlled":true,"out_stock_date":null,"out_stock_threshold":null,"inheritable":false,"inbound_stock":null,"stock_on_hold":0,"sold_today":0,"sales_last_days":0,"reserved_stock":null,"customer_returns":null,"warehouse_damage":null,"lost_in_post":null,"other_logs":null,"out_stock_days":0,"lost_sales":0,"has_location":null,"update_date":"2026-04-03T17:38:50","atum_locations":[],"atum_stock_status":"instock","restock_status":false,"low_stock_amount":"","sales_update_date":"2026-04-03T17:38:50","calc_backorders":null,"_links":{"self":[{"href":"https:\/\/globalkenko.es\/en\/wp-json\/wp\/v2\/product\/16300","targetHints":{"allow":["GET"]}}],"collection":[{"href":"https:\/\/globalkenko.es\/en\/wp-json\/wp\/v2\/product"}],"about":[{"href":"https:\/\/globalkenko.es\/en\/wp-json\/wp\/v2\/types\/product"}],"replies":[{"embeddable":true,"href":"https:\/\/globalkenko.es\/en\/wp-json\/wp\/v2\/comments?post=16300"}],"version-history":[{"count":1,"href":"https:\/\/globalkenko.es\/en\/wp-json\/wp\/v2\/product\/16300\/revisions"}],"predecessor-version":[{"id":16344,"href":"https:\/\/globalkenko.es\/en\/wp-json\/wp\/v2\/product\/16300\/revisions\/16344"}],"wp:featuredmedia":[{"embeddable":true,"href":"https:\/\/globalkenko.es\/en\/wp-json\/wp\/v2\/media\/16109"}],"wp:attachment":[{"href":"https:\/\/globalkenko.es\/en\/wp-json\/wp\/v2\/media?parent=16300"}],"wp:term":[{"taxonomy":"product_brand","embeddable":true,"href":"https:\/\/globalkenko.es\/en\/wp-json\/wp\/v2\/product_brand?post=16300"},{"taxonomy":"product_cat","embeddable":true,"href":"https:\/\/globalkenko.es\/en\/wp-json\/wp\/v2\/product_cat?post=16300"},{"taxonomy":"product_tag","embeddable":true,"href":"https:\/\/globalkenko.es\/en\/wp-json\/wp\/v2\/product_tag?post=16300"}],"curies":[{"name":"wp","href":"https:\/\/api.w.org\/{rel}","templated":true}]}}