{"id":16302,"date":"2025-01-05T13:08:15","date_gmt":"2025-01-05T13:08:15","guid":{"rendered":"https:\/\/globalkenko.es\/?post_type=product&#038;p=16302"},"modified":"2025-01-05T13:11:58","modified_gmt":"2025-01-05T13:11:58","slug":"jbl-charge-5","status":"publish","type":"product","link":"https:\/\/globalkenko.es\/en\/jbl-charge-5\/","title":{"rendered":"JBL Charge 5"},"content":{"rendered":"<p>Los altavoces JBL Charge 5 tiene un sonido de salida bastante potente de 40w y una autonomia de 20 horas .<br \/>\nEl altavoz tiene la funcion de partyboost, conexion a usb para cargar los dispositivos moviles , puerto USB C <\/p>","protected":false},"excerpt":{"rendered":"<p>Acompa\u00f1a a la fiesta sin preocuparte por el tiempo que haga. El Altavoz JBL Charge 5 tiene un potente sonido JBL Original Pro gracias al excitador de gran amplitud optimizado, al tweeter separado y a los radiadores de bajos duales JBL. La autonom\u00eda de hasta 20 horas y la pr\u00e1ctica bater\u00eda integrada le ayudan a cargar sus dispositivos y a mantener la fiesta durante toda la noche. \u00bfEst\u00e1 lloviendo? \u00bfSe ha ca\u00eddo la bebida? \u00bfEn la playa? El Charge 5 es resistente al polvo y al agua seg\u00fan la norma IP67 para resistir lo que le echen. Adem\u00e1s, puede vincular varios altavoces JBL con compatibilidad PartyBoost para obtener un sonido lo m\u00e1s potente posible para una multitud. Los nuevos colores inspirados en las \u00faltimas tendencias de la moda urbana hacen que su aspecto sea tan bueno como su sonido.<\/p>","protected":false},"featured_media":16347,"comment_status":"open","ping_status":"closed","template":"","meta":{"_joinchat":[]},"product_brand":[],"product_cat":[156,155],"product_tag":[150,126],"class_list":{"0":"post-16302","1":"product","2":"type-product","3":"status-publish","4":"has-post-thumbnail","6":"product_cat-altavoces-jbl","7":"product_cat-jbl","8":"product_tag-altavoces","9":"product_tag-multimedia","11":"first","12":"outofstock","13":"shipping-taxable","14":"purchasable","15":"product-type-variable"},"supplier_id":null,"supplier_sku":"","barcode":null,"atum_controlled":true,"out_stock_date":"2025-01-05 13:09:00","out_stock_threshold":null,"inheritable":false,"inbound_stock":null,"stock_on_hold":0,"sold_today":0,"sales_last_days":0,"reserved_stock":null,"customer_returns":null,"warehouse_damage":null,"lost_in_post":null,"other_logs":null,"out_stock_days":453,"lost_sales":0,"has_location":null,"update_date":"2026-04-03T17:38:50","atum_locations":[],"atum_stock_status":"outofstock","restock_status":false,"low_stock_amount":"","sales_update_date":"2026-04-03T17:38:50","calc_backorders":null,"_links":{"self":[{"href":"https:\/\/globalkenko.es\/en\/wp-json\/wp\/v2\/product\/16302","targetHints":{"allow":["GET"]}}],"collection":[{"href":"https:\/\/globalkenko.es\/en\/wp-json\/wp\/v2\/product"}],"about":[{"href":"https:\/\/globalkenko.es\/en\/wp-json\/wp\/v2\/types\/product"}],"replies":[{"embeddable":true,"href":"https:\/\/globalkenko.es\/en\/wp-json\/wp\/v2\/comments?post=16302"}],"version-history":[{"count":1,"href":"https:\/\/globalkenko.es\/en\/wp-json\/wp\/v2\/product\/16302\/revisions"}],"predecessor-version":[{"id":16348,"href":"https:\/\/globalkenko.es\/en\/wp-json\/wp\/v2\/product\/16302\/revisions\/16348"}],"wp:featuredmedia":[{"embeddable":true,"href":"https:\/\/globalkenko.es\/en\/wp-json\/wp\/v2\/media\/16347"}],"wp:attachment":[{"href":"https:\/\/globalkenko.es\/en\/wp-json\/wp\/v2\/media?parent=16302"}],"wp:term":[{"taxonomy":"product_brand","embeddable":true,"href":"https:\/\/globalkenko.es\/en\/wp-json\/wp\/v2\/product_brand?post=16302"},{"taxonomy":"product_cat","embeddable":true,"href":"https:\/\/globalkenko.es\/en\/wp-json\/wp\/v2\/product_cat?post=16302"},{"taxonomy":"product_tag","embeddable":true,"href":"https:\/\/globalkenko.es\/en\/wp-json\/wp\/v2\/product_tag?post=16302"}],"curies":[{"name":"wp","href":"https:\/\/api.w.org\/{rel}","templated":true}]}}