{"id":16304,"date":"2025-01-05T13:08:15","date_gmt":"2025-01-05T13:08:15","guid":{"rendered":"https:\/\/globalkenko.es\/?post_type=product&#038;p=16304"},"modified":"2025-01-05T13:11:58","modified_gmt":"2025-01-05T13:11:58","slug":"insta360-one-rs","status":"publish","type":"product","link":"https:\/\/globalkenko.es\/en\/insta360-one-rs\/","title":{"rendered":"Insta360 ONE RS"},"content":{"rendered":"<ul>\n<li>Dise\u00f1ado en colaboraci\u00f3n con Leica, el objetivo gran angular de 1 pulgada tiene el mayor sensor de imagen de todas las c\u00e1maras de acci\u00f3n. Graba im\u00e1genes de gran angular de 5,3K con detalles finos y colores reales, incluso con poca luz.<\/li>\n<li>\u00a1No estropees la vista con un feo palo de selfie! La lente de 360\u00ba hace que el Invisible Selfie Stick desaparezca totalmente de tus tomas para conseguir una grabaci\u00f3n imposible similar a la de un dron. \u00a1M\u00e1gico!<\/li>\n<li>El potente n\u00facleo RS ofrece ahora la estabilizaci\u00f3n FlowState en la c\u00e1mara cuando se combina con el objetivo gran angular. No es necesario editar.<\/li>\n<li>Captura perspectivas locas en tercera persona con el palo de selfie invisible.<\/li>\n<li>El HDR activo de la lente 4K Boost mantiene el v\u00eddeo estabilizado mientras te mueves, a la vez que mantiene los detalles en las luces y las sombras para obtener im\u00e1genes m\u00e1s vibrantes.<\/li>\n<li>El n\u00facleo RS cuenta ahora con tres micr\u00f3fonos para capturar el audio que quieras y un algoritmo de reducci\u00f3n del ruido del viento para eliminar el ruido que no quieras.<\/li>\n<\/ul>\n<p>&nbsp;<\/p>","protected":false},"excerpt":{"rendered":"<ul>\n<li class=\"_KvTYtEn\">4K Edition\n<ul>\n<li class=\"_KvTYtEn\">4K Boost lens. Mant\u00e9n el enfoque en la acci\u00f3n con el objetivo 4K Boost. Resistente y duradera, con un nuevo sensor de imagen de 48 MP de 1\/2\u2033 para obtener v\u00eddeos 4K a 60 fps m\u00e1s detallados y fotos de 48 MP.<\/li>\n<\/ul>\n<\/li>\n<li>Twin Edition\n<ul>\n<li>5,7K Lente de 360\u00b0 . Dispara primero, apunta despu\u00e9s. Capta la acci\u00f3n desde todos los \u00e1ngulos, elige lo que quieres enfocar a continuaci\u00f3n con el reencuadre 360. Util\u00edzalo con el Invisible Selfie Stick para realizar tomas imposibles en tercera persona.<\/li>\n<\/ul>\n<\/li>\n<li>1 Inch Edition Leica\n<ul>\n<li>Objetivo 5,3K de 1 pulgada Dise\u00f1ado en colaboraci\u00f3n con Leica, el objetivo gran angular de 1 pulgada tiene el sensor de imagen m\u00e1s amplio de cualquier c\u00e1mara de acci\u00f3n. Graba im\u00e1genes de gran angular de 5,3K con detalles finos y colores reales, incluso con poca luz.<\/li>\n<\/ul>\n<\/li>\n<\/ul>","protected":false},"featured_media":16357,"comment_status":"closed","ping_status":"closed","template":"","meta":{"_joinchat":[]},"product_brand":[],"product_cat":[251,250],"product_tag":[252],"class_list":{"0":"post-16304","1":"product","2":"type-product","3":"status-publish","4":"has-post-thumbnail","6":"product_cat-camaras-insta360","7":"product_cat-insta360","8":"product_tag-fotografia","10":"first","11":"outofstock","12":"sale","13":"shipping-taxable","14":"purchasable","15":"product-type-variable"},"supplier_id":null,"supplier_sku":"","barcode":null,"atum_controlled":true,"out_stock_date":"2025-01-05 13:09:08","out_stock_threshold":null,"inheritable":false,"inbound_stock":null,"stock_on_hold":0,"sold_today":0,"sales_last_days":0,"reserved_stock":null,"customer_returns":null,"warehouse_damage":null,"lost_in_post":null,"other_logs":null,"out_stock_days":453,"lost_sales":0,"has_location":null,"update_date":"2026-04-03T17:38:50","atum_locations":[],"atum_stock_status":"outofstock","restock_status":false,"low_stock_amount":"","sales_update_date":"2026-04-03T17:38:50","calc_backorders":null,"_links":{"self":[{"href":"https:\/\/globalkenko.es\/en\/wp-json\/wp\/v2\/product\/16304","targetHints":{"allow":["GET"]}}],"collection":[{"href":"https:\/\/globalkenko.es\/en\/wp-json\/wp\/v2\/product"}],"about":[{"href":"https:\/\/globalkenko.es\/en\/wp-json\/wp\/v2\/types\/product"}],"replies":[{"embeddable":true,"href":"https:\/\/globalkenko.es\/en\/wp-json\/wp\/v2\/comments?post=16304"}],"version-history":[{"count":1,"href":"https:\/\/globalkenko.es\/en\/wp-json\/wp\/v2\/product\/16304\/revisions"}],"predecessor-version":[{"id":16358,"href":"https:\/\/globalkenko.es\/en\/wp-json\/wp\/v2\/product\/16304\/revisions\/16358"}],"wp:featuredmedia":[{"embeddable":true,"href":"https:\/\/globalkenko.es\/en\/wp-json\/wp\/v2\/media\/16357"}],"wp:attachment":[{"href":"https:\/\/globalkenko.es\/en\/wp-json\/wp\/v2\/media?parent=16304"}],"wp:term":[{"taxonomy":"product_brand","embeddable":true,"href":"https:\/\/globalkenko.es\/en\/wp-json\/wp\/v2\/product_brand?post=16304"},{"taxonomy":"product_cat","embeddable":true,"href":"https:\/\/globalkenko.es\/en\/wp-json\/wp\/v2\/product_cat?post=16304"},{"taxonomy":"product_tag","embeddable":true,"href":"https:\/\/globalkenko.es\/en\/wp-json\/wp\/v2\/product_tag?post=16304"}],"curies":[{"name":"wp","href":"https:\/\/api.w.org\/{rel}","templated":true}]}}