{"id":16320,"date":"2025-01-05T13:08:16","date_gmt":"2025-01-05T13:08:16","guid":{"rendered":"https:\/\/globalkenko.es\/?post_type=product&#038;p=16320"},"modified":"2025-01-05T13:09:51","modified_gmt":"2025-01-05T13:09:51","slug":"insta360-estuche-transporte-para-la-serie-x","status":"publish","type":"product","link":"https:\/\/globalkenko.es\/en\/insta360-estuche-transporte-para-la-serie-x\/","title":{"rendered":"Insta360 Estuche transporte para la Serie X"},"content":{"rendered":"<p>Insta360 Estuche transporte para la Serie X<\/p>","protected":false},"excerpt":{"rendered":"<p>Guarde a bien su c\u00e1mara y los accesorios esenciales. Ajuste perfecto para su c\u00e1mara, una bater\u00eda de repuesto y un Invisible Selfie Stick de 70 cm.<br \/>\nEsta maleta s\u00f3lo es adecuada para guardar el Invisible Selfie Stick de 70 cm.<\/p>","protected":false},"featured_media":16408,"comment_status":"open","ping_status":"closed","template":"","meta":{"_joinchat":[]},"product_brand":[],"product_cat":[269,250,314],"product_tag":[],"class_list":{"0":"post-16320","1":"product","2":"type-product","3":"status-publish","4":"has-post-thumbnail","6":"product_cat-accesorios-insta360","7":"product_cat-insta360","8":"product_cat-proteccion-y-carcasa","10":"first","11":"instock","12":"shipping-taxable","13":"purchasable","14":"product-type-simple"},"supplier_id":null,"supplier_sku":"","barcode":null,"atum_controlled":true,"out_stock_date":null,"out_stock_threshold":null,"inheritable":false,"inbound_stock":null,"stock_on_hold":0,"sold_today":0,"sales_last_days":0,"reserved_stock":null,"customer_returns":null,"warehouse_damage":null,"lost_in_post":null,"other_logs":null,"out_stock_days":0,"lost_sales":0,"has_location":null,"update_date":"2026-04-03T17:38:43","atum_locations":[],"atum_stock_status":"instock","restock_status":false,"low_stock_amount":"","sales_update_date":"2026-04-03T17:38:43","calc_backorders":null,"_links":{"self":[{"href":"https:\/\/globalkenko.es\/en\/wp-json\/wp\/v2\/product\/16320","targetHints":{"allow":["GET"]}}],"collection":[{"href":"https:\/\/globalkenko.es\/en\/wp-json\/wp\/v2\/product"}],"about":[{"href":"https:\/\/globalkenko.es\/en\/wp-json\/wp\/v2\/types\/product"}],"replies":[{"embeddable":true,"href":"https:\/\/globalkenko.es\/en\/wp-json\/wp\/v2\/comments?post=16320"}],"version-history":[{"count":1,"href":"https:\/\/globalkenko.es\/en\/wp-json\/wp\/v2\/product\/16320\/revisions"}],"predecessor-version":[{"id":16409,"href":"https:\/\/globalkenko.es\/en\/wp-json\/wp\/v2\/product\/16320\/revisions\/16409"}],"wp:featuredmedia":[{"embeddable":true,"href":"https:\/\/globalkenko.es\/en\/wp-json\/wp\/v2\/media\/16408"}],"wp:attachment":[{"href":"https:\/\/globalkenko.es\/en\/wp-json\/wp\/v2\/media?parent=16320"}],"wp:term":[{"taxonomy":"product_brand","embeddable":true,"href":"https:\/\/globalkenko.es\/en\/wp-json\/wp\/v2\/product_brand?post=16320"},{"taxonomy":"product_cat","embeddable":true,"href":"https:\/\/globalkenko.es\/en\/wp-json\/wp\/v2\/product_cat?post=16320"},{"taxonomy":"product_tag","embeddable":true,"href":"https:\/\/globalkenko.es\/en\/wp-json\/wp\/v2\/product_tag?post=16320"}],"curies":[{"name":"wp","href":"https:\/\/api.w.org\/{rel}","templated":true}]}}