{"id":16350,"date":"2025-01-05T13:09:01","date_gmt":"2025-01-05T13:09:01","guid":{"rendered":"https:\/\/globalkenko.es\/?post_type=product&#038;p=16350"},"modified":"2025-01-05T13:12:22","modified_gmt":"2025-01-05T13:12:22","slug":"insta360-go-3","status":"publish","type":"product","link":"https:\/\/globalkenko.es\/en\/insta360-go-3\/","title":{"rendered":"Insta360 GO 3"},"content":{"rendered":"<p>Insta360 GO 3<br \/>\nLigera y port\u00e1til.<\/p>\n<p>POVs en manos libres \u00fanicos.<\/p>\n<p>Sistema de montaje magn\u00e9tico para \u00e1ngulos creativos.<\/p>\n<p>Action Pod con control remoto y previsualizaci\u00f3n en directo.<\/p>\n<p>Resistente al agua hasta 5 m. Action Pod con protecci\u00f3n IPX4 a prueba de salpicaduras.<\/p>","protected":false},"excerpt":{"rendered":"<p>Realmente no necesitas usar las manos.<br \/>\n\u00a1Completamente manos libres! S\u00f3lo tienes que fijarlo y olvidarte para conseguir con facilidad tomas POV ultra gran angular en 2,7K.<br \/>\nESTABILIZACI\u00d3N FLOWSTATE<br \/>\nAdi\u00f3s a los choques.<br \/>\nNuestra funci\u00f3n de ajuste autom\u00e1tico FlowState se traduce en un metraje muy estable. Se eliminan las sacudidas, los baches y los balanceos, \u00a1perfecto para cuando empieza la acci\u00f3n!<br \/>\nSin estabilizaci\u00f3n<br \/>\nGO 3 no le importa: \u00a1una tecnolog\u00eda imbatible para mantener tu v\u00eddeo perfectamente nivelado pase lo que pase!<br \/>\nHorizon Lock 360 s\u00f3lo est\u00e1 disponible en el modo de v\u00eddeo FreeFrame. Procese el archivo en la aplicaci\u00f3n Insta360\/Studio para aplicar el efecto<\/p>","protected":false},"featured_media":16428,"comment_status":"open","ping_status":"closed","template":"","meta":{"_joinchat":[]},"product_brand":[],"product_cat":[251,250],"product_tag":[252],"class_list":{"0":"post-16350","1":"product","2":"type-product","3":"status-publish","4":"has-post-thumbnail","6":"product_cat-camaras-insta360","7":"product_cat-insta360","8":"product_tag-fotografia","10":"first","11":"instock","12":"sale","13":"shipping-taxable","14":"purchasable","15":"product-type-variable"},"supplier_id":null,"supplier_sku":"","barcode":null,"atum_controlled":true,"out_stock_date":null,"out_stock_threshold":null,"inheritable":false,"inbound_stock":null,"stock_on_hold":0,"sold_today":0,"sales_last_days":0,"reserved_stock":null,"customer_returns":null,"warehouse_damage":null,"lost_in_post":null,"other_logs":null,"out_stock_days":0,"lost_sales":0,"has_location":null,"update_date":"2026-04-03T17:38:47","atum_locations":[],"atum_stock_status":"instock","restock_status":false,"low_stock_amount":"","sales_update_date":"2026-04-03T17:38:47","calc_backorders":null,"_links":{"self":[{"href":"https:\/\/globalkenko.es\/en\/wp-json\/wp\/v2\/product\/16350","targetHints":{"allow":["GET"]}}],"collection":[{"href":"https:\/\/globalkenko.es\/en\/wp-json\/wp\/v2\/product"}],"about":[{"href":"https:\/\/globalkenko.es\/en\/wp-json\/wp\/v2\/types\/product"}],"replies":[{"embeddable":true,"href":"https:\/\/globalkenko.es\/en\/wp-json\/wp\/v2\/comments?post=16350"}],"version-history":[{"count":1,"href":"https:\/\/globalkenko.es\/en\/wp-json\/wp\/v2\/product\/16350\/revisions"}],"predecessor-version":[{"id":16429,"href":"https:\/\/globalkenko.es\/en\/wp-json\/wp\/v2\/product\/16350\/revisions\/16429"}],"wp:featuredmedia":[{"embeddable":true,"href":"https:\/\/globalkenko.es\/en\/wp-json\/wp\/v2\/media\/16428"}],"wp:attachment":[{"href":"https:\/\/globalkenko.es\/en\/wp-json\/wp\/v2\/media?parent=16350"}],"wp:term":[{"taxonomy":"product_brand","embeddable":true,"href":"https:\/\/globalkenko.es\/en\/wp-json\/wp\/v2\/product_brand?post=16350"},{"taxonomy":"product_cat","embeddable":true,"href":"https:\/\/globalkenko.es\/en\/wp-json\/wp\/v2\/product_cat?post=16350"},{"taxonomy":"product_tag","embeddable":true,"href":"https:\/\/globalkenko.es\/en\/wp-json\/wp\/v2\/product_tag?post=16350"}],"curies":[{"name":"wp","href":"https:\/\/api.w.org\/{rel}","templated":true}]}}