{"id":16556,"date":"2025-01-05T13:12:23","date_gmt":"2025-01-05T13:12:23","guid":{"rendered":"https:\/\/globalkenko.es\/?post_type=product&#038;p=16556"},"modified":"2025-01-05T13:12:59","modified_gmt":"2025-01-05T13:12:59","slug":"hifuture-altavoz-bluetooth-altus-azul","status":"publish","type":"product","link":"https:\/\/globalkenko.es\/en\/hifuture-altavoz-bluetooth-altus-azul\/","title":{"rendered":"HiFuture Altavoz Bluetooth Altus Azul"},"content":{"rendered":"<p style=\"text-align: center\"><strong>HiFuture Altavoz Bluetooth Altus Azul.<\/strong><!--more--><\/p>\n<ul>\n<li>Exterior muy resistente y una banda multidireccional que lo hace adecuado para casi cualquier circunstancia. Puede llevarlo en la mano o en la mochila, o incluso colgarlo de la sombrilla cuando est\u00e9 fuera de casa.<\/li>\n<li>Impermeable y antipolvo con una certificaci\u00f3n IPX5, ALTUS de HiFuture es tu compa\u00f1\u00eda musical junto a la piscina, el r\u00edo o el parque, perfecto para cualquier aventura.<\/li>\n<li>Con HiFuture ALTUS, disfrutar\u00e1s de un emparejamiento r\u00e1pido y estable con la tecnolog\u00eda inal\u00e1mbrica 5.3. Haz llamadas de manos libres mientras est\u00e1s lejos de tu dispositivo.<\/li>\n<\/ul>\n<p>&nbsp;<\/p>","protected":false},"excerpt":{"rendered":"<p style=\"text-align: center\"><strong>HiFuture Altavoz Bluetooth Altus Azul.<\/strong><!--more--><\/p>\n<ul>\n<li>Salida de 10 W<\/li>\n<li>Inal\u00e1mbrico 5.3<\/li>\n<li>Emparejar para reproducir TWS<\/li>\n<li>Hasta 8 horas de bater\u00eda<\/li>\n<\/ul>\n<p>Los ALTUS de HiFuture te permiten disfrutar de una experiencia auditiva a\u00fan mejor gracias a su colorido sistema de iluminaci\u00f3n que realza el ambiente envolvente.<\/p>","protected":false},"featured_media":16590,"comment_status":"open","ping_status":"closed","template":"","meta":{"_joinchat":[]},"product_brand":[],"product_cat":[377,299],"product_tag":[],"class_list":{"0":"post-16556","1":"product","2":"type-product","3":"status-publish","4":"has-post-thumbnail","6":"product_cat-altavoces-hi-future","7":"product_cat-hi-future","9":"first","10":"instock","11":"shipping-taxable","12":"purchasable","13":"product-type-simple"},"supplier_id":null,"supplier_sku":"","barcode":null,"atum_controlled":true,"out_stock_date":null,"out_stock_threshold":null,"inheritable":false,"inbound_stock":null,"stock_on_hold":0,"sold_today":0,"sales_last_days":0,"reserved_stock":null,"customer_returns":null,"warehouse_damage":null,"lost_in_post":null,"other_logs":null,"out_stock_days":0,"lost_sales":0,"has_location":null,"update_date":"2026-04-03T17:38:48","atum_locations":[],"atum_stock_status":"instock","restock_status":false,"low_stock_amount":"","sales_update_date":"2026-04-03T17:38:48","calc_backorders":null,"_links":{"self":[{"href":"https:\/\/globalkenko.es\/en\/wp-json\/wp\/v2\/product\/16556","targetHints":{"allow":["GET"]}}],"collection":[{"href":"https:\/\/globalkenko.es\/en\/wp-json\/wp\/v2\/product"}],"about":[{"href":"https:\/\/globalkenko.es\/en\/wp-json\/wp\/v2\/types\/product"}],"replies":[{"embeddable":true,"href":"https:\/\/globalkenko.es\/en\/wp-json\/wp\/v2\/comments?post=16556"}],"version-history":[{"count":1,"href":"https:\/\/globalkenko.es\/en\/wp-json\/wp\/v2\/product\/16556\/revisions"}],"predecessor-version":[{"id":16591,"href":"https:\/\/globalkenko.es\/en\/wp-json\/wp\/v2\/product\/16556\/revisions\/16591"}],"wp:featuredmedia":[{"embeddable":true,"href":"https:\/\/globalkenko.es\/en\/wp-json\/wp\/v2\/media\/16590"}],"wp:attachment":[{"href":"https:\/\/globalkenko.es\/en\/wp-json\/wp\/v2\/media?parent=16556"}],"wp:term":[{"taxonomy":"product_brand","embeddable":true,"href":"https:\/\/globalkenko.es\/en\/wp-json\/wp\/v2\/product_brand?post=16556"},{"taxonomy":"product_cat","embeddable":true,"href":"https:\/\/globalkenko.es\/en\/wp-json\/wp\/v2\/product_cat?post=16556"},{"taxonomy":"product_tag","embeddable":true,"href":"https:\/\/globalkenko.es\/en\/wp-json\/wp\/v2\/product_tag?post=16556"}],"curies":[{"name":"wp","href":"https:\/\/api.w.org\/{rel}","templated":true}]}}