{"id":16644,"date":"2025-01-05T13:13:55","date_gmt":"2025-01-05T13:13:55","guid":{"rendered":"https:\/\/globalkenko.es\/?post_type=product&#038;p=16644"},"modified":"2025-01-05T13:15:47","modified_gmt":"2025-01-05T13:15:47","slug":"jbl-go-4","status":"publish","type":"product","link":"https:\/\/globalkenko.es\/en\/jbl-go-4\/","title":{"rendered":"JBL GO 4"},"content":{"rendered":"<p style=\"text-align: center;\"><strong>JBL GO 4<\/strong><\/p>","protected":false},"excerpt":{"rendered":"<p>El mejor sonido JBL donde quiera que vaya. El llamativo y colorido altavoz ultra port\u00e1til Bluetooth JBL Go 4 cabe en la palma de la mano y ofrece un sonido JBL Pro Sound n\u00edtido y alto con graves potentes y contundentes. Su nuevo dise\u00f1o de asa integrada facilita su desplazamiento a cualquier lugar, y puedes elegir el que mejor se adapte a tu estilo entre la amplia variedad de colores. Adem\u00e1s, es resistente al polvo y al agua, lo que lo hace ideal para llevarlo a cualquier parte. Con hasta 7 horas de reproducci\u00f3n, podr\u00e1 disfrutar al m\u00e1ximo de los d\u00edas de diversi\u00f3n en la carretera o de las noches tranquilas bajo las estrellas. Empareje dos Go 4 para disfrutar de sonido est\u00e9reo, o conecte de forma inal\u00e1mbrica varios altavoces compatibles con JBL Auracast para disfrutar de un sonido a\u00fan m\u00e1s potente. Suba el volumen y deje que su m\u00fasica le lleve a cualquier parte.<\/p>\n<p>&nbsp;<\/p>","protected":false},"featured_media":16687,"comment_status":"open","ping_status":"closed","template":"","meta":{"_joinchat":[]},"product_brand":[],"product_cat":[156,155],"product_tag":[150,126],"class_list":{"0":"post-16644","1":"product","2":"type-product","3":"status-publish","4":"has-post-thumbnail","6":"product_cat-altavoces-jbl","7":"product_cat-jbl","8":"product_tag-altavoces","9":"product_tag-multimedia","11":"first","12":"instock","13":"shipping-taxable","14":"purchasable","15":"product-type-variable"},"supplier_id":null,"supplier_sku":"","barcode":null,"atum_controlled":true,"out_stock_date":null,"out_stock_threshold":null,"inheritable":false,"inbound_stock":null,"stock_on_hold":0,"sold_today":0,"sales_last_days":0,"reserved_stock":null,"customer_returns":null,"warehouse_damage":null,"lost_in_post":null,"other_logs":null,"out_stock_days":0,"lost_sales":0,"has_location":null,"update_date":"2026-04-03T17:38:45","atum_locations":[],"atum_stock_status":"instock","restock_status":false,"low_stock_amount":"","sales_update_date":"2026-04-03T17:38:45","calc_backorders":null,"_links":{"self":[{"href":"https:\/\/globalkenko.es\/en\/wp-json\/wp\/v2\/product\/16644","targetHints":{"allow":["GET"]}}],"collection":[{"href":"https:\/\/globalkenko.es\/en\/wp-json\/wp\/v2\/product"}],"about":[{"href":"https:\/\/globalkenko.es\/en\/wp-json\/wp\/v2\/types\/product"}],"replies":[{"embeddable":true,"href":"https:\/\/globalkenko.es\/en\/wp-json\/wp\/v2\/comments?post=16644"}],"version-history":[{"count":1,"href":"https:\/\/globalkenko.es\/en\/wp-json\/wp\/v2\/product\/16644\/revisions"}],"predecessor-version":[{"id":16688,"href":"https:\/\/globalkenko.es\/en\/wp-json\/wp\/v2\/product\/16644\/revisions\/16688"}],"wp:featuredmedia":[{"embeddable":true,"href":"https:\/\/globalkenko.es\/en\/wp-json\/wp\/v2\/media\/16687"}],"wp:attachment":[{"href":"https:\/\/globalkenko.es\/en\/wp-json\/wp\/v2\/media?parent=16644"}],"wp:term":[{"taxonomy":"product_brand","embeddable":true,"href":"https:\/\/globalkenko.es\/en\/wp-json\/wp\/v2\/product_brand?post=16644"},{"taxonomy":"product_cat","embeddable":true,"href":"https:\/\/globalkenko.es\/en\/wp-json\/wp\/v2\/product_cat?post=16644"},{"taxonomy":"product_tag","embeddable":true,"href":"https:\/\/globalkenko.es\/en\/wp-json\/wp\/v2\/product_tag?post=16644"}],"curies":[{"name":"wp","href":"https:\/\/api.w.org\/{rel}","templated":true}]}}