{"id":16792,"date":"2025-01-05T13:16:41","date_gmt":"2025-01-05T13:16:41","guid":{"rendered":"https:\/\/globalkenko.es\/?post_type=product&#038;p=16792"},"modified":"2025-01-05T13:16:54","modified_gmt":"2025-01-05T13:16:54","slug":"tp-link-extensor-de-cobertura-wifi-n300","status":"publish","type":"product","link":"https:\/\/globalkenko.es\/en\/tp-link-extensor-de-cobertura-wifi-n300\/","title":{"rendered":"Tp-Link Extensor de cobertura wifi N300"},"content":{"rendered":"<p>Tp-Link Extensor de cobertura wifi N300<br \/>\nRepetidor Wi-Fi 300Mbps<br \/>\nCompacto. Potente.<br \/>\nTan Potente<br \/>\nComo Esperas<br \/>\nExtensi\u00f3n de Red Super Sencilla<br \/>\nRepetidor Cuando Falla Tu Router<br \/>\nF\u00e1cil Monitorizaci\u00f3n<br \/>\ny Gesti\u00f3n Remota<\/p>","protected":false},"excerpt":{"rendered":"<p>Tp-Link Extensor de cobertura wifi N300.<br \/>\nAumenta la conexi\u00f3n Wi-Fi actual para compartir conexiones r\u00e1pidas y fiables por cable e inal\u00e1mbricas<br \/>\nIncluye antenas externos para una conexi\u00f3n Wi-Fi m\u00e1s r\u00e1pida y fiable<br \/>\nSoporta el modo AP para que puedas crear un nuevo punto de acceso Wi-Fi<br \/>\nAumenta la cobertura Wi-Fi f\u00e1cilmente pulsando el bot\u00f3n \u00abExtensor de rango<br \/>\nPrograma de ahorro de energ\u00eda del extensor de rango<br \/>\nLa aplicaci\u00f3n Tether permite un f\u00e1cil acceso y gesti\u00f3n a trav\u00e9s de dispositivos m\u00f3viles<br \/>\nFunciona con cualquier router Wi-Fi<\/p>","protected":false},"featured_media":16826,"comment_status":"open","ping_status":"closed","template":"","meta":{"_joinchat":[]},"product_brand":[],"product_cat":[319,312],"product_tag":[183],"class_list":{"0":"post-16792","1":"product","2":"type-product","3":"status-publish","4":"has-post-thumbnail","6":"product_cat-camaras-tplink","7":"product_cat-tplink","8":"product_tag-informatica","10":"first","11":"instock","12":"shipping-taxable","13":"purchasable","14":"product-type-simple"},"supplier_id":null,"supplier_sku":"","barcode":null,"atum_controlled":true,"out_stock_date":null,"out_stock_threshold":null,"inheritable":false,"inbound_stock":null,"stock_on_hold":0,"sold_today":0,"sales_last_days":0,"reserved_stock":null,"customer_returns":null,"warehouse_damage":null,"lost_in_post":null,"other_logs":null,"out_stock_days":0,"lost_sales":0,"has_location":null,"update_date":"2026-04-03T17:38:46","atum_locations":[],"atum_stock_status":"instock","restock_status":false,"low_stock_amount":"","sales_update_date":"2026-04-03T17:38:46","calc_backorders":null,"_links":{"self":[{"href":"https:\/\/globalkenko.es\/en\/wp-json\/wp\/v2\/product\/16792","targetHints":{"allow":["GET"]}}],"collection":[{"href":"https:\/\/globalkenko.es\/en\/wp-json\/wp\/v2\/product"}],"about":[{"href":"https:\/\/globalkenko.es\/en\/wp-json\/wp\/v2\/types\/product"}],"replies":[{"embeddable":true,"href":"https:\/\/globalkenko.es\/en\/wp-json\/wp\/v2\/comments?post=16792"}],"version-history":[{"count":1,"href":"https:\/\/globalkenko.es\/en\/wp-json\/wp\/v2\/product\/16792\/revisions"}],"predecessor-version":[{"id":16827,"href":"https:\/\/globalkenko.es\/en\/wp-json\/wp\/v2\/product\/16792\/revisions\/16827"}],"wp:featuredmedia":[{"embeddable":true,"href":"https:\/\/globalkenko.es\/en\/wp-json\/wp\/v2\/media\/16826"}],"wp:attachment":[{"href":"https:\/\/globalkenko.es\/en\/wp-json\/wp\/v2\/media?parent=16792"}],"wp:term":[{"taxonomy":"product_brand","embeddable":true,"href":"https:\/\/globalkenko.es\/en\/wp-json\/wp\/v2\/product_brand?post=16792"},{"taxonomy":"product_cat","embeddable":true,"href":"https:\/\/globalkenko.es\/en\/wp-json\/wp\/v2\/product_cat?post=16792"},{"taxonomy":"product_tag","embeddable":true,"href":"https:\/\/globalkenko.es\/en\/wp-json\/wp\/v2\/product_tag?post=16792"}],"curies":[{"name":"wp","href":"https:\/\/api.w.org\/{rel}","templated":true}]}}