{"id":16868,"date":"2025-01-05T13:21:35","date_gmt":"2025-01-05T13:21:35","guid":{"rendered":"https:\/\/globalkenko.es\/?post_type=product&#038;p=16868"},"modified":"2025-01-05T13:21:49","modified_gmt":"2025-01-05T13:21:49","slug":"belkin-adaptador-usb-c-de-audio-y-carga","status":"publish","type":"product","link":"https:\/\/globalkenko.es\/en\/belkin-adaptador-usb-c-de-audio-y-carga\/","title":{"rendered":"Belkin USB-C Audio and Charging Adapter"},"content":{"rendered":"<p style=\"text-align: center;\">Belkin Adaptador USB-C de audio y carga.<\/p>\n<ul>\n<li>2 puertos USB-C para funci\u00f3n doble y simult\u00e1nea de audio y carga.<\/li>\n<li>Compatible con la carga r\u00e1pida de hasta 60 W (Power Delivery).<\/li>\n<li>Audio de alta resoluci\u00f3n.<\/li>\n<li>Compatible con smartphones, tabletas y notebooks provistos de un puerto USB-C.<\/li>\n<\/ul>\n<p><strong>Compatible con iPads con Conexi\u00f3n USB-C<\/strong><\/p>\n<ul class=\"compatible-devices-list\">\n<li>\n<pre>iPad (10.9\") 10th Gen<\/pre>\n<\/li>\n<li>\n<pre>iPad Pro (11\") 3rd Gen<\/pre>\n<\/li>\n<li>\n<pre>iPad Pro (12.9\") 5th Gen<\/pre>\n<\/li>\n<li>\n<pre>iPad Pro (12.9\u201d) 3rd Gen<\/pre>\n<\/li>\n<li>\n<pre>iPad Pro (11\") 2nd Gen<\/pre>\n<\/li>\n<li>\n<pre>iPad Pro (12.9\") 4th Gen<\/pre>\n<\/li>\n<li>\n<pre>iPad Pro (11.0\")<\/pre>\n<\/li>\n<li>\n<pre>iPad mini 6th Gen<strong> (<\/strong> <strong>Debes usarlo con un cable USB-C PD USB-C A USB - C )<\/strong><\/pre>\n<\/li>\n<\/ul>\n<pre><strong>Compatible con iPhone.<\/strong><\/pre>\n<ul class=\"compatible-devices-list\">\n<li>\n<pre>iPhone 16<\/pre>\n<\/li>\n<li>\n<pre>iPhone 16 Plus<\/pre>\n<\/li>\n<li>\n<pre>iPhone 16 Pro<\/pre>\n<\/li>\n<li>\n<pre>iPhone 16 Pro Max<\/pre>\n<\/li>\n<li>\n<pre>iPhone 15<\/pre>\n<\/li>\n<li>\n<pre>iPhone 15 Pro<\/pre>\n<\/li>\n<li>\n<pre>iPhone 15 Plus<\/pre>\n<\/li>\n<li>\n<pre>iPhone 15 Pro Max<\/pre>\n<\/li>\n<\/ul>\n<p>&nbsp;<\/p>","protected":false},"excerpt":{"rendered":"<p>Escucha m\u00fasica y llama por tel\u00e9fono mientras disfrutas de hasta 60 W de salida de corriente mediante la funci\u00f3n de carga por pasarela de distribuci\u00f3n de corriente. A\u00f1ade un segundo puerto USB-C a un dispositivo y disfruta de una funcionalidad continua, completa y sin interferencias con sus capacidades de carga r\u00e1pida. La conexi\u00f3n es sencilla porque ambos puertos tienen funciones de audio y carga.<\/p>","protected":false},"featured_media":16898,"comment_status":"open","ping_status":"closed","template":"","meta":{"_joinchat":[]},"product_brand":[],"product_cat":[318,486,317],"product_tag":[128],"class_list":{"0":"post-16868","1":"product","2":"type-product","3":"status-publish","4":"has-post-thumbnail","6":"product_cat-accesorios-belkin","7":"product_cat-adaptadores-belkin","8":"product_cat-belkin","9":"product_tag-accesorios","11":"first","12":"instock","13":"shipping-taxable","14":"purchasable","15":"product-type-simple"},"supplier_id":null,"supplier_sku":"","barcode":null,"atum_controlled":true,"out_stock_date":null,"out_stock_threshold":null,"inheritable":false,"inbound_stock":null,"stock_on_hold":0,"sold_today":0,"sales_last_days":0,"reserved_stock":null,"customer_returns":null,"warehouse_damage":null,"lost_in_post":null,"other_logs":null,"out_stock_days":0,"lost_sales":0,"has_location":null,"update_date":"2026-04-03T17:38:49","atum_locations":[],"atum_stock_status":"instock","restock_status":false,"low_stock_amount":"","sales_update_date":"2026-04-03T17:38:49","calc_backorders":null,"_links":{"self":[{"href":"https:\/\/globalkenko.es\/en\/wp-json\/wp\/v2\/product\/16868","targetHints":{"allow":["GET"]}}],"collection":[{"href":"https:\/\/globalkenko.es\/en\/wp-json\/wp\/v2\/product"}],"about":[{"href":"https:\/\/globalkenko.es\/en\/wp-json\/wp\/v2\/types\/product"}],"replies":[{"embeddable":true,"href":"https:\/\/globalkenko.es\/en\/wp-json\/wp\/v2\/comments?post=16868"}],"version-history":[{"count":1,"href":"https:\/\/globalkenko.es\/en\/wp-json\/wp\/v2\/product\/16868\/revisions"}],"predecessor-version":[{"id":16899,"href":"https:\/\/globalkenko.es\/en\/wp-json\/wp\/v2\/product\/16868\/revisions\/16899"}],"wp:featuredmedia":[{"embeddable":true,"href":"https:\/\/globalkenko.es\/en\/wp-json\/wp\/v2\/media\/16898"}],"wp:attachment":[{"href":"https:\/\/globalkenko.es\/en\/wp-json\/wp\/v2\/media?parent=16868"}],"wp:term":[{"taxonomy":"product_brand","embeddable":true,"href":"https:\/\/globalkenko.es\/en\/wp-json\/wp\/v2\/product_brand?post=16868"},{"taxonomy":"product_cat","embeddable":true,"href":"https:\/\/globalkenko.es\/en\/wp-json\/wp\/v2\/product_cat?post=16868"},{"taxonomy":"product_tag","embeddable":true,"href":"https:\/\/globalkenko.es\/en\/wp-json\/wp\/v2\/product_tag?post=16868"}],"curies":[{"name":"wp","href":"https:\/\/api.w.org\/{rel}","templated":true}]}}