{"id":16871,"date":"2025-01-05T13:21:35","date_gmt":"2025-01-05T13:21:35","guid":{"rendered":"https:\/\/globalkenko.es\/?post_type=product&#038;p=16871"},"modified":"2025-01-05T13:21:52","modified_gmt":"2025-01-05T13:21:52","slug":"belkin-3-en-1-boost-charge-pro-soporte-magnetico-con-magsafe-negro","status":"publish","type":"product","link":"https:\/\/globalkenko.es\/en\/belkin-3-en-1-boost-charge-pro-soporte-magnetico-con-magsafe-negro\/","title":{"rendered":"Belkin 3 en 1 Boost Charge Pro Soporte magnetico con Magsafe &#8211; Negro"},"content":{"rendered":"<p>Belkin 3 en 1 Boost Charge Pro Soporte magnetico con Magsafe<\/p>\n<p>La carga r\u00e1pida solo es compatible con el Apple Watch Series 7, Apple Watch Series 8 y Apple Watch Ultra. Los dem\u00e1s modelos tardan el tiempo habitual.<\/p>","protected":false},"excerpt":{"rendered":"<p>La Base de carga inal\u00e1mbrica 3 en 1 Belkin BOOST\u2191CHARGE PRO con MagSafe es una buena soluci\u00f3n para que puedas cargar todos tus aparatos Apple lo m\u00e1s r\u00e1pido possible. El \u00faltimo Apple Watch Series 7 y 8 se puede cargar hasta un 80%* en unos 45 minutos gracias al nuevo m\u00f3dulo magn\u00e9tico de carga r\u00e1pida. Al mismo tiempo, puedes colocar tu iPhone en la base de carga con MagSafe para una conexi\u00f3n r\u00e1pida y segura en cualquier orientaci\u00f3n, y tambi\u00e9n cargar los AirPods en la base de carga inal\u00e1mbrica Qi.<\/p>","protected":false},"featured_media":16904,"comment_status":"open","ping_status":"closed","template":"","meta":{"_joinchat":[]},"product_brand":[],"product_cat":[318,317,483],"product_tag":[128],"class_list":{"0":"post-16871","1":"product","2":"type-product","3":"status-publish","4":"has-post-thumbnail","6":"product_cat-accesorios-belkin","7":"product_cat-belkin","8":"product_cat-cargadores-inalambrico-belkin","9":"product_tag-accesorios","11":"first","12":"instock","13":"sale","14":"shipping-taxable","15":"purchasable","16":"product-type-simple"},"supplier_id":null,"supplier_sku":"","barcode":null,"atum_controlled":true,"out_stock_date":null,"out_stock_threshold":null,"inheritable":false,"inbound_stock":null,"stock_on_hold":0,"sold_today":0,"sales_last_days":0,"reserved_stock":null,"customer_returns":null,"warehouse_damage":null,"lost_in_post":null,"other_logs":null,"out_stock_days":0,"lost_sales":0,"has_location":null,"update_date":"2026-04-03T17:38:49","atum_locations":[],"atum_stock_status":"instock","restock_status":false,"low_stock_amount":"","sales_update_date":"2026-04-03T17:38:49","calc_backorders":null,"_links":{"self":[{"href":"https:\/\/globalkenko.es\/en\/wp-json\/wp\/v2\/product\/16871","targetHints":{"allow":["GET"]}}],"collection":[{"href":"https:\/\/globalkenko.es\/en\/wp-json\/wp\/v2\/product"}],"about":[{"href":"https:\/\/globalkenko.es\/en\/wp-json\/wp\/v2\/types\/product"}],"replies":[{"embeddable":true,"href":"https:\/\/globalkenko.es\/en\/wp-json\/wp\/v2\/comments?post=16871"}],"version-history":[{"count":1,"href":"https:\/\/globalkenko.es\/en\/wp-json\/wp\/v2\/product\/16871\/revisions"}],"predecessor-version":[{"id":16905,"href":"https:\/\/globalkenko.es\/en\/wp-json\/wp\/v2\/product\/16871\/revisions\/16905"}],"wp:featuredmedia":[{"embeddable":true,"href":"https:\/\/globalkenko.es\/en\/wp-json\/wp\/v2\/media\/16904"}],"wp:attachment":[{"href":"https:\/\/globalkenko.es\/en\/wp-json\/wp\/v2\/media?parent=16871"}],"wp:term":[{"taxonomy":"product_brand","embeddable":true,"href":"https:\/\/globalkenko.es\/en\/wp-json\/wp\/v2\/product_brand?post=16871"},{"taxonomy":"product_cat","embeddable":true,"href":"https:\/\/globalkenko.es\/en\/wp-json\/wp\/v2\/product_cat?post=16871"},{"taxonomy":"product_tag","embeddable":true,"href":"https:\/\/globalkenko.es\/en\/wp-json\/wp\/v2\/product_tag?post=16871"}],"curies":[{"name":"wp","href":"https:\/\/api.w.org\/{rel}","templated":true}]}}